{"id":2348,"date":"2023-01-16T14:59:47","date_gmt":"2023-01-16T08:59:47","guid":{"rendered":"https:\/\/www.italiadelight.it\/?page_id=2348"},"modified":"2024-02-29T09:17:59","modified_gmt":"2024-02-29T08:17:59","slug":"chi-siamo","status":"publish","type":"page","link":"https:\/\/www.italiadelight.it\/blog\/chi-siamo\/","title":{"rendered":"Chi Siamo"},"content":{"rendered":"\t\t<div data-elementor-type=\"wp-page\" data-elementor-id=\"2348\" class=\"elementor elementor-2348\">\n\t\t\t\t\t\t<section class=\"elementor-section elementor-top-section elementor-element elementor-element-06aa5e2 elementor-section-boxed elementor-section-height-default elementor-section-height-default\" data-id=\"06aa5e2\" data-element_type=\"section\" data-e-type=\"section\">\n\t\t\t\t\t\t<div class=\"elementor-container elementor-column-gap-default\">\n\t\t\t\t\t<div class=\"elementor-column elementor-col-100 elementor-top-column elementor-element elementor-element-aac9e58\" data-id=\"aac9e58\" data-element_type=\"column\" data-e-type=\"column\">\n\t\t\t<div class=\"elementor-widget-wrap elementor-element-populated\">\n\t\t\t\t\t\t<div class=\"elementor-element elementor-element-4dfe89b elementor-widget elementor-widget-heading\" data-id=\"4dfe89b\" data-element_type=\"widget\" data-e-type=\"widget\" data-widget_type=\"heading.default\">\n\t\t\t\t\t<h2 class=\"elementor-heading-title elementor-size-default\">Un Ponte tra Tradizione e Innovazione<\/h2>\t\t\t\t<\/div>\n\t\t\t\t<div class=\"elementor-element elementor-element-069963c elementor-widget elementor-widget-text-editor\" data-id=\"069963c\" data-element_type=\"widget\" data-e-type=\"widget\" data-widget_type=\"text-editor.default\">\n\t\t\t\t\t\t\t\t\t<p style=\"text-align: center;\"><strong>Italia Delight<\/strong> nasce dall&#8217;incrocio tra l&#8217;amore per le <strong>tradizioni culinarie italiane<\/strong> e l&#8217;entusiasmo per le <strong>nuove tecnologie<\/strong>. La nostra piattaforma si pone come punto di riferimento per chiunque desideri immergersi nell&#8217;autenticit\u00e0 della cucina italiana, offrendo una guida affidabile e completa per scoprire ristoranti tradizionali e innovativi in tutta Italia. La visione che guida il nostro lavoro \u00e8 quella di rendere accessibile la ricchezza gastronomica italiana a un pubblico sempre pi\u00f9 ampio, promuovendo la cultura del buon cibo.<\/p>\t\t\t\t\t\t\t\t<\/div>\n\t\t\t\t\t<\/div>\n\t\t<\/div>\n\t\t\t\t\t<\/div>\n\t\t<\/section>\n\t\t\t\t<section class=\"elementor-section elementor-top-section elementor-element elementor-element-dac1673 elementor-section-boxed elementor-section-height-default elementor-section-height-default\" data-id=\"dac1673\" data-element_type=\"section\" data-e-type=\"section\" data-settings=\"{&quot;background_background&quot;:&quot;classic&quot;}\">\n\t\t\t\t\t\t<div class=\"elementor-container elementor-column-gap-default\">\n\t\t\t\t\t<div class=\"elementor-column elementor-col-50 elementor-top-column elementor-element elementor-element-2025acd\" data-id=\"2025acd\" data-element_type=\"column\" data-e-type=\"column\">\n\t\t\t<div class=\"elementor-widget-wrap elementor-element-populated\">\n\t\t\t\t\t\t<div class=\"elementor-element elementor-element-5e02838 elementor-widget elementor-widget-image\" data-id=\"5e02838\" data-element_type=\"widget\" data-e-type=\"widget\" data-widget_type=\"image.default\">\n\t\t\t\t\t\t\t\t\t\t\t\t\t\t\t<img fetchpriority=\"high\" decoding=\"async\" width=\"2000\" height=\"1333\" src=\"https:\/\/www.italiadelight.it\/blog\/wp-content\/uploads\/2024\/02\/italian-food.jpg\" class=\"attachment-full size-full wp-image-8149 not-transparent\" alt=\"Italian food\" srcset=\"https:\/\/www.italiadelight.it\/blog\/wp-content\/uploads\/2024\/02\/italian-food.jpg 2000w, https:\/\/www.italiadelight.it\/blog\/wp-content\/uploads\/2024\/02\/italian-food-300x200.jpg 300w, https:\/\/www.italiadelight.it\/blog\/wp-content\/uploads\/2024\/02\/italian-food-1024x682.jpg 1024w, https:\/\/www.italiadelight.it\/blog\/wp-content\/uploads\/2024\/02\/italian-food-768x512.jpg 768w, https:\/\/www.italiadelight.it\/blog\/wp-content\/uploads\/2024\/02\/italian-food-1536x1024.jpg 1536w, https:\/\/www.italiadelight.it\/blog\/wp-content\/uploads\/2024\/02\/italian-food-18x12.jpg 18w, https:\/\/www.italiadelight.it\/blog\/wp-content\/uploads\/2024\/02\/italian-food-600x400.jpg 600w\" sizes=\"(max-width: 2000px) 100vw, 2000px\" data-has-transparency=\"false\" data-dominant-color=\"cabda5\" style=\"--dominant-color: #cabda5\" \/>\t\t\t\t\t\t\t\t\t\t\t\t\t\t\t<\/div>\n\t\t\t\t\t<\/div>\n\t\t<\/div>\n\t\t\t\t<div class=\"elementor-column elementor-col-50 elementor-top-column elementor-element elementor-element-a327029\" data-id=\"a327029\" data-element_type=\"column\" data-e-type=\"column\" data-settings=\"{&quot;background_background&quot;:&quot;classic&quot;}\">\n\t\t\t<div class=\"elementor-widget-wrap elementor-element-populated\">\n\t\t\t\t\t\t<div class=\"elementor-element elementor-element-8c7f9b3 elementor-widget elementor-widget-text-editor\" data-id=\"8c7f9b3\" data-element_type=\"widget\" data-e-type=\"widget\" data-widget_type=\"text-editor.default\">\n\t\t\t\t\t\t\t\t\t<p>Il Tuo Ristorante,<br \/>Protagonista della Cucina Italiana<\/p>\t\t\t\t\t\t\t\t<\/div>\n\t\t\t\t\t<\/div>\n\t\t<\/div>\n\t\t\t\t\t<\/div>\n\t\t<\/section>\n\t\t\t\t<section class=\"elementor-section elementor-top-section elementor-element elementor-element-0ee6f2d elementor-reverse-mobile elementor-section-boxed elementor-section-height-default elementor-section-height-default\" data-id=\"0ee6f2d\" data-element_type=\"section\" data-e-type=\"section\" data-settings=\"{&quot;background_background&quot;:&quot;classic&quot;}\">\n\t\t\t\t\t\t\t<div class=\"elementor-background-overlay\"><\/div>\n\t\t\t\t\t\t\t<div class=\"elementor-container elementor-column-gap-default\">\n\t\t\t\t\t<div class=\"elementor-column elementor-col-50 elementor-top-column elementor-element elementor-element-9125d17\" data-id=\"9125d17\" data-element_type=\"column\" data-e-type=\"column\">\n\t\t\t<div class=\"elementor-widget-wrap elementor-element-populated\">\n\t\t\t\t\t\t<div class=\"elementor-element elementor-element-18909ed elementor-widget elementor-widget-heading\" data-id=\"18909ed\" data-element_type=\"widget\" data-e-type=\"widget\" data-widget_type=\"heading.default\">\n\t\t\t\t\t<h2 class=\"elementor-heading-title elementor-size-default\">Connettere Ristoranti e Appassionati<\/h2>\t\t\t\t<\/div>\n\t\t\t\t\t<\/div>\n\t\t<\/div>\n\t\t\t\t<div class=\"elementor-column elementor-col-50 elementor-top-column elementor-element elementor-element-813ec62\" data-id=\"813ec62\" data-element_type=\"column\" data-e-type=\"column\">\n\t\t\t<div class=\"elementor-widget-wrap\">\n\t\t\t\t\t\t\t<\/div>\n\t\t<\/div>\n\t\t\t\t\t<\/div>\n\t\t<\/section>\n\t\t\t\t<section class=\"elementor-section elementor-top-section elementor-element elementor-element-fd20861 elementor-section-boxed elementor-section-height-default elementor-section-height-default\" data-id=\"fd20861\" data-element_type=\"section\" data-e-type=\"section\">\n\t\t\t\t\t\t<div class=\"elementor-container elementor-column-gap-default\">\n\t\t\t\t\t<div class=\"elementor-column elementor-col-100 elementor-top-column elementor-element elementor-element-35d8b20\" data-id=\"35d8b20\" data-element_type=\"column\" data-e-type=\"column\">\n\t\t\t<div class=\"elementor-widget-wrap elementor-element-populated\">\n\t\t\t\t\t\t<div class=\"elementor-element elementor-element-86ba325 elementor-widget elementor-widget-heading\" data-id=\"86ba325\" data-element_type=\"widget\" data-e-type=\"widget\" data-widget_type=\"heading.default\">\n\t\t\t\t\t<h2 class=\"elementor-heading-title elementor-size-default\">Celebrare l'Ospitalit\u00e0 Italiana<\/h2>\t\t\t\t<\/div>\n\t\t\t\t<div class=\"elementor-element elementor-element-8b14e01 elementor-widget elementor-widget-text-editor\" data-id=\"8b14e01\" data-element_type=\"widget\" data-e-type=\"widget\" data-widget_type=\"text-editor.default\">\n\t\t\t\t\t\t\t\t\t<p>Il cuore pulsante di <strong>Italia Delight<\/strong> \u00e8 l&#8217;impegno a <strong>celebrare e preservare l&#8217;ospitalit\u00e0 italiana<\/strong>, considerata una delle colonne portanti della nostra cultura. Crediamo fermamente nel potere del cibo di unire le persone e nel ruolo fondamentale dei ristoranti come luoghi di scambio culturale e sociale. La nostra missione \u00e8 dunque duplice: da un lato, supportiamo i ristoratori nel loro percorso di digitalizzazione, dall&#8217;altro, offriamo agli appassionati di cucina uno strumento per esplorare e innamorarsi dei sapori autentici del nostro paese. Italia Delight \u00e8 pi\u00f9 di una piattaforma: \u00e8 una comunit\u00e0 di persone che condividono l&#8217;amore per la cucina italiana.<\/p>\t\t\t\t\t\t\t\t<\/div>\n\t\t\t\t<div class=\"elementor-element elementor-element-4320a24 elementor-widget__width-auto elementor-absolute elementor-hidden-tablet elementor-hidden-mobile elementor-widget elementor-widget-image\" data-id=\"4320a24\" data-element_type=\"widget\" data-e-type=\"widget\" data-settings=\"{&quot;_position&quot;:&quot;absolute&quot;}\" data-widget_type=\"image.default\">\n\t\t\t\t\t\t\t\t\t\t\t\t\t\t\t<img decoding=\"async\" width=\"112\" height=\"93\" src=\"https:\/\/www.italiadelight.it\/blog\/wp-content\/uploads\/2023\/02\/Vector.png\" class=\"attachment-full size-full wp-image-3456\" alt=\"\" srcset=\"https:\/\/www.italiadelight.it\/blog\/wp-content\/uploads\/2023\/02\/Vector.png 112w, https:\/\/www.italiadelight.it\/blog\/wp-content\/uploads\/2023\/02\/Vector-14x12.png 14w\" sizes=\"(max-width: 112px) 100vw, 112px\" \/>\t\t\t\t\t\t\t\t\t\t\t\t\t\t\t<\/div>\n\t\t\t\t\t<\/div>\n\t\t<\/div>\n\t\t\t\t\t<\/div>\n\t\t<\/section>\n\t\t\t\t<\/div>\n\t\t","protected":false},"excerpt":{"rendered":"<p>Un Ponte tra Tradizione e Innovazione &lt;p style=&#8221;text-align: center;&#8221;&gt;&lt;strong&gt;Italia Delight&lt;\/strong&gt; nasce dall&#8217;incrocio tra l&#8217;amore per le &lt;strong&gt;tradizioni culinarie italiane&lt;\/strong&gt; e l&#8217;entusiasmo per le &lt;strong&gt;nuove tecnologie&lt;\/strong&gt;&#8230;.<\/p>\n","protected":false},"author":1,"featured_media":0,"parent":0,"menu_order":0,"comment_status":"closed","ping_status":"closed","template":"elementor_header_footer","meta":{"_acf_changed":false,"_seopress_robots_primary_cat":"","_seopress_titles_title":"","_seopress_titles_desc":"","_seopress_robots_index":"","_daim_seo_power":"","_daim_enable_ail":"","footnotes":""},"class_list":["post-2348","page","type-page","status-publish"],"acf":[],"_links":{"self":[{"href":"https:\/\/www.italiadelight.it\/blog\/wp-json\/wp\/v2\/pages\/2348","targetHints":{"allow":["GET"]}}],"collection":[{"href":"https:\/\/www.italiadelight.it\/blog\/wp-json\/wp\/v2\/pages"}],"about":[{"href":"https:\/\/www.italiadelight.it\/blog\/wp-json\/wp\/v2\/types\/page"}],"author":[{"embeddable":true,"href":"https:\/\/www.italiadelight.it\/blog\/wp-json\/wp\/v2\/users\/1"}],"replies":[{"embeddable":true,"href":"https:\/\/www.italiadelight.it\/blog\/wp-json\/wp\/v2\/comments?post=2348"}],"version-history":[{"count":0,"href":"https:\/\/www.italiadelight.it\/blog\/wp-json\/wp\/v2\/pages\/2348\/revisions"}],"wp:attachment":[{"href":"https:\/\/www.italiadelight.it\/blog\/wp-json\/wp\/v2\/media?parent=2348"}],"curies":[{"name":"wp","href":"https:\/\/api.w.org\/{rel}","templated":true}]}}