{"id":106424,"date":"2024-04-09T15:51:44","date_gmt":"2024-04-09T13:51:44","guid":{"rendered":"https:\/\/www.italiadelight.it\/?page_id=106424"},"modified":"2024-04-09T17:16:49","modified_gmt":"2024-04-09T15:16:49","slug":"gestion-sociale","status":"publish","type":"page","link":"https:\/\/www.italiadelight.it\/blog\/fr\/gestione-social\/","title":{"rendered":"Gestion sociale"},"content":{"rendered":"<div data-elementor-type=\"wp-page\" data-elementor-id=\"106424\" class=\"elementor elementor-106424\">\n\t\t\t\t\t\t<section class=\"elementor-section elementor-top-section elementor-element elementor-element-78cd32e elementor-section-boxed elementor-section-height-default elementor-section-height-default\" data-id=\"78cd32e\" data-element_type=\"section\" data-e-type=\"section\" data-settings=\"{&quot;background_background&quot;:&quot;classic&quot;}\">\n\t\t\t\t\t\t<div class=\"elementor-container elementor-column-gap-default\">\n\t\t\t\t\t<div class=\"elementor-column elementor-col-100 elementor-top-column elementor-element elementor-element-03e2d74\" data-id=\"03e2d74\" data-element_type=\"column\" data-e-type=\"column\">\n\t\t\t<div class=\"elementor-widget-wrap elementor-element-populated\">\n\t\t\t\t\t\t<div class=\"elementor-element elementor-element-5e907c0 elementor-widget elementor-widget-heading\" data-id=\"5e907c0\" data-element_type=\"widget\" data-e-type=\"widget\" data-widget_type=\"heading.default\">\n\t\t\t\t\t<h2 class=\"elementor-heading-title elementor-size-default\">Am\u00e9liorez votre pr\u00e9sence dans le monde HORECA avec une gestion sociale sur mesure !\n\n<\/h2>\t\t\t\t<\/div>\n\t\t\t\t\t<\/div>\n\t\t<\/div>\n\t\t\t\t\t<\/div>\n\t\t<\/section>\n\t\t\t\t<section class=\"elementor-section elementor-top-section elementor-element elementor-element-a4bdcdf elementor-section-content-middle elementor-reverse-tablet elementor-reverse-mobile elementor-section-boxed elementor-section-height-default elementor-section-height-default\" data-id=\"a4bdcdf\" data-element_type=\"section\" data-e-type=\"section\">\n\t\t\t\t\t\t<div class=\"elementor-container elementor-column-gap-default\">\n\t\t\t\t\t<div class=\"elementor-column elementor-col-50 elementor-top-column elementor-element elementor-element-963e315\" data-id=\"963e315\" data-element_type=\"column\" data-e-type=\"column\">\n\t\t\t<div class=\"elementor-widget-wrap elementor-element-populated\">\n\t\t\t\t\t\t<div class=\"elementor-element elementor-element-53984e4 elementor-invisible elementor-widget elementor-widget-image\" data-id=\"53984e4\" data-element_type=\"widget\" data-e-type=\"widget\" data-settings=\"{&quot;_animation&quot;:&quot;fadeInLeft&quot;}\" data-widget_type=\"image.default\">\n\t\t\t\t\t\t\t\t\t\t\t\t\t\t\t<img fetchpriority=\"high\" decoding=\"async\" width=\"796\" height=\"880\" src=\"https:\/\/www.italiadelight.it\/blog\/wp-content\/uploads\/2024\/04\/Asset-053.png\" class=\"attachment-full size-full wp-image-106448\" alt=\"Un homme souriant utilise une tablette, arri\u00e8re-plan Instagram simul\u00e9.\" srcset=\"https:\/\/www.italiadelight.it\/blog\/wp-content\/uploads\/2024\/04\/Asset-053.png 796w, https:\/\/www.italiadelight.it\/blog\/wp-content\/uploads\/2024\/04\/Asset-053-271x300.png 271w, https:\/\/www.italiadelight.it\/blog\/wp-content\/uploads\/2024\/04\/Asset-053-768x849.png 768w, https:\/\/www.italiadelight.it\/blog\/wp-content\/uploads\/2024\/04\/Asset-053-11x12.png 11w, https:\/\/www.italiadelight.it\/blog\/wp-content\/uploads\/2024\/04\/Asset-053-600x663.png 600w\" sizes=\"(max-width: 796px) 100vw, 796px\" \/>\t\t\t\t\t\t\t\t\t\t\t\t\t\t\t<\/div>\n\t\t\t\t\t<\/div>\n\t\t<\/div>\n\t\t\t\t<div class=\"elementor-column elementor-col-50 elementor-top-column elementor-element elementor-element-30fc317\" data-id=\"30fc317\" data-element_type=\"column\" data-e-type=\"column\">\n\t\t\t<div class=\"elementor-widget-wrap elementor-element-populated\">\n\t\t\t\t\t\t<div class=\"elementor-element elementor-element-16789b7 elementor-widget elementor-widget-heading\" data-id=\"16789b7\" data-element_type=\"widget\" data-e-type=\"widget\" data-widget_type=\"heading.default\">\n\t\t\t\t\t<h2 class=\"elementor-heading-title elementor-size-default\">Pourquoi votre entreprise m\u00e9rite plus qu'une simple visibilit\u00e9 en ligne\n\n<\/h2>\t\t\t\t<\/div>\n\t\t\t\t<div class=\"elementor-element elementor-element-066016d elementor-widget elementor-widget-animated-headline\" data-id=\"066016d\" data-element_type=\"widget\" data-e-type=\"widget\" data-widget_type=\"animated-headline.default\">\n\t\t\t\t<div class=\"elementor-widget-container\">\n\t\t\t\t\t \t\t\t\t<\/div>\n\t\t\t\t<\/div>\n\t\t\t\t<div class=\"elementor-element elementor-element-1b2a70b elementor-widget elementor-widget-text-editor\" data-id=\"1b2a70b\" data-element_type=\"widget\" data-e-type=\"widget\" data-widget_type=\"text-editor.default\">\n\t\t\t\t\t\t\t\t\t<p><strong>Service de gestion sociale professionnelle inclus :<\/strong><\/p><ul><li>Gestion des <strong>jusqu'\u00e0 3 comptes sociaux<\/strong><\/li><li>Plan \u00e9ditorial <strong>mensuel sur mesure<\/strong><\/li><li><strong>2 messages hebdomadaires multicanaux<\/strong> avec texte \u00e9dit\u00e9 et graphiques\/photos<\/li><li><strong>Optimisation<\/strong> du Business Manager ou de Pixel setup<\/li><li>Support sur les principaux r\u00e9seaux sociaux : Facebook, Instagram, LinkedIn, Pinterest, Google My Business, Telegram<\/li><\/ul>\t\t\t\t\t\t\t\t<\/div>\n\t\t\t\t<div class=\"elementor-element elementor-element-00b8dde elementor-align-center elementor-widget elementor-widget-button\" data-id=\"00b8dde\" data-element_type=\"widget\" data-e-type=\"widget\" data-widget_type=\"button.default\">\n\t\t\t\t\t\t\t\t\t\t<a class=\"elementor-button elementor-button-link elementor-size-sm elementor-animation-grow\" href=\"https:\/\/www.italiadelight.it\/blog\/fr\/contacts\/\">\n\t\t\t\t\t\t<span class=\"elementor-button-content-wrapper\">\n\t\t\t\t\t\t\t\t\t<span class=\"elementor-button-text\">Demande de consultation gratuite<\/span>\n\t\t\t\t\t<\/span>\n\t\t\t\t\t<\/a>\n\t\t\t\t\t\t\t\t<\/div>\n\t\t\t\t\t<\/div>\n\t\t<\/div>\n\t\t\t\t\t<\/div>\n\t\t<\/section>\n\t\t\t\t<section class=\"elementor-section elementor-top-section elementor-element elementor-element-98d0bae elementor-section-boxed elementor-section-height-default elementor-section-height-default\" data-id=\"98d0bae\" data-element_type=\"section\" data-e-type=\"section\" data-settings=\"{&quot;background_background&quot;:&quot;classic&quot;}\">\n\t\t\t\t\t\t<div class=\"elementor-container elementor-column-gap-default\">\n\t\t\t\t\t<div class=\"elementor-column elementor-col-100 elementor-top-column elementor-element elementor-element-1860955\" data-id=\"1860955\" data-element_type=\"column\" data-e-type=\"column\">\n\t\t\t<div class=\"elementor-widget-wrap elementor-element-populated\">\n\t\t\t\t\t\t<div class=\"elementor-element elementor-element-1b148ac elementor-widget elementor-widget-heading\" data-id=\"1b148ac\" data-element_type=\"widget\" data-e-type=\"widget\" data-settings=\"{&quot;_animation_mobile&quot;:&quot;zoomIn&quot;}\" data-widget_type=\"heading.default\">\n\t\t\t\t\t<h2 class=\"elementor-heading-title elementor-size-default\">Une exp\u00e9rience gastronomique en mati\u00e8re de marketing num\u00e9rique pour les restaurants, les h\u00f4tels et les bars qui souhaitent se d\u00e9marquer et laisser une trace dans le palais num\u00e9rique de leurs clients.\n\n<\/h2>\t\t\t\t<\/div>\n\t\t\t\t\t<\/div>\n\t\t<\/div>\n\t\t\t\t\t<\/div>\n\t\t<\/section>\n\t\t\t\t<section class=\"elementor-section elementor-top-section elementor-element elementor-element-5284c3a elementor-section-boxed elementor-section-height-default elementor-section-height-default\" data-id=\"5284c3a\" data-element_type=\"section\" data-e-type=\"section\">\n\t\t\t\t\t\t<div class=\"elementor-container elementor-column-gap-default\">\n\t\t\t\t\t<div class=\"elementor-column elementor-col-50 elementor-top-column elementor-element elementor-element-9ba8c53\" data-id=\"9ba8c53\" data-element_type=\"column\" data-e-type=\"column\">\n\t\t\t<div class=\"elementor-widget-wrap elementor-element-populated\">\n\t\t\t\t\t\t<div class=\"elementor-element elementor-element-cdfe544 elementor-widget elementor-widget-heading\" data-id=\"cdfe544\" data-element_type=\"widget\" data-e-type=\"widget\" data-widget_type=\"heading.default\">\n\t\t\t\t\t<h2 class=\"elementor-heading-title elementor-size-default\">Ne laissez pas votre entreprise passer inaper\u00e7ue !\n\n\n\n\n<\/h2>\t\t\t\t<\/div>\n\t\t\t\t<div class=\"elementor-element elementor-element-a8d7fd2 elementor-widget elementor-widget-text-editor\" data-id=\"a8d7fd2\" data-element_type=\"widget\" data-e-type=\"widget\" data-widget_type=\"text-editor.default\">\n\t\t\t\t\t\t\t\t\t<p>Saviez-vous que <strong>une page sociale obsol\u00e8te<\/strong> peut avoir un effet contre-productif ? Cela vaut pour toutes les plateformes. Gr\u00e2ce \u00e0 notre gestion, nous vous aidons non seulement \u00e0 conserver vos pages, mais aussi \u00e0 les rendre plus attrayantes. <strong>sociale vivante et actualis\u00e9e<\/strong>mais nous mettons \u00e0 votre disposition <strong>des consultants en marketing exp\u00e9riment\u00e9s<\/strong>. En outre, nous sommes les cr\u00e9ateurs de la c\u00e9l\u00e8bre plateforme :<\/p>\t\t\t\t\t\t\t\t<\/div>\n\t\t\t\t<div class=\"elementor-element elementor-element-e133eaf elementor-widget elementor-widget-image\" data-id=\"e133eaf\" data-element_type=\"widget\" data-e-type=\"widget\" data-widget_type=\"image.default\">\n\t\t\t\t\t\t\t\t\t\t\t\t\t\t\t\t<a href=\"https:\/\/helpmepost.com\/\" target=\"_blank\">\n\t\t\t\t\t\t\t<img decoding=\"async\" width=\"2000\" height=\"500\" src=\"https:\/\/www.italiadelight.it\/blog\/wp-content\/uploads\/2024\/04\/2000x500px.png\" class=\"attachment-full size-full wp-image-106477\" alt=\"Visages souriants sur fond de silhouette de montagne.\" srcset=\"https:\/\/www.italiadelight.it\/blog\/wp-content\/uploads\/2024\/04\/2000x500px.png 2000w, https:\/\/www.italiadelight.it\/blog\/wp-content\/uploads\/2024\/04\/2000x500px-300x75.png 300w, https:\/\/www.italiadelight.it\/blog\/wp-content\/uploads\/2024\/04\/2000x500px-1024x256.png 1024w, https:\/\/www.italiadelight.it\/blog\/wp-content\/uploads\/2024\/04\/2000x500px-768x192.png 768w, https:\/\/www.italiadelight.it\/blog\/wp-content\/uploads\/2024\/04\/2000x500px-1536x384.png 1536w, https:\/\/www.italiadelight.it\/blog\/wp-content\/uploads\/2024\/04\/2000x500px-18x5.png 18w, https:\/\/www.italiadelight.it\/blog\/wp-content\/uploads\/2024\/04\/2000x500px-600x150.png 600w\" sizes=\"(max-width: 2000px) 100vw, 2000px\" \/>\t\t\t\t\t\t\t\t<\/a>\n\t\t\t\t\t\t\t\t\t\t\t\t\t\t\t<\/div>\n\t\t\t\t<div class=\"elementor-element elementor-element-31ba612 elementor-widget elementor-widget-text-editor\" data-id=\"31ba612\" data-element_type=\"widget\" data-e-type=\"widget\" data-widget_type=\"text-editor.default\">\n\t\t\t\t\t\t\t\t\t<p>Pourquoi attendre plus longtemps ? Comptez sur <strong>professionnels<\/strong>. Nous ne vous promettons pas de miracles, comme de vous transformer en influenceur ou d'atteindre des millions d'utilisateurs du jour au lendemain, mais nous vous assurons que <strong>la gestion sociale \u00e0 un prix abordable<\/strong> et une \u00e9quipe d'experts d\u00e9vou\u00e9s qui maximiseront le potentiel de chaque canal social. Vous avez donc tout le temps n\u00e9cessaire pour <strong>se concentrer sur son travail<\/strong>.<\/p>\t\t\t\t\t\t\t\t<\/div>\n\t\t\t\t<div class=\"elementor-element elementor-element-ceb03ea elementor-align-center elementor-widget elementor-widget-button\" data-id=\"ceb03ea\" data-element_type=\"widget\" data-e-type=\"widget\" data-widget_type=\"button.default\">\n\t\t\t\t\t\t\t\t\t\t<a class=\"elementor-button elementor-button-link elementor-size-sm elementor-animation-grow\" href=\"https:\/\/www.italiadelight.it\/blog\/fr\/contacts\/\">\n\t\t\t\t\t\t<span class=\"elementor-button-content-wrapper\">\n\t\t\t\t\t\t\t\t\t<span class=\"elementor-button-text\">Demande de consultation gratuite<\/span>\n\t\t\t\t\t<\/span>\n\t\t\t\t\t<\/a>\n\t\t\t\t\t\t\t\t<\/div>\n\t\t\t\t\t<\/div>\n\t\t<\/div>\n\t\t\t\t<div class=\"elementor-column elementor-col-50 elementor-top-column elementor-element elementor-element-dd17c11\" data-id=\"dd17c11\" data-element_type=\"column\" data-e-type=\"column\">\n\t\t\t<div class=\"elementor-widget-wrap elementor-element-populated\">\n\t\t\t\t\t\t<div class=\"elementor-element elementor-element-389bb5e elementor-invisible elementor-widget elementor-widget-image\" data-id=\"389bb5e\" data-element_type=\"widget\" data-e-type=\"widget\" data-settings=\"{&quot;_animation&quot;:&quot;fadeInRight&quot;}\" data-widget_type=\"image.default\">\n\t\t\t\t\t\t\t\t\t\t\t\t\t\t\t<img decoding=\"async\" width=\"512\" height=\"578\" src=\"https:\/\/www.italiadelight.it\/blog\/wp-content\/uploads\/2024\/04\/Asset-04.png\" class=\"attachment-full size-full wp-image-106442\" alt=\"Interface utilisateur pour l&#039;analyse des m\u00e9dias sociaux.\" srcset=\"https:\/\/www.italiadelight.it\/blog\/wp-content\/uploads\/2024\/04\/Asset-04.png 512w, https:\/\/www.italiadelight.it\/blog\/wp-content\/uploads\/2024\/04\/Asset-04-266x300.png 266w, https:\/\/www.italiadelight.it\/blog\/wp-content\/uploads\/2024\/04\/Asset-04-11x12.png 11w\" sizes=\"(max-width: 512px) 100vw, 512px\" \/>\t\t\t\t\t\t\t\t\t\t\t\t\t\t\t<\/div>\n\t\t\t\t\t<\/div>\n\t\t<\/div>\n\t\t\t\t\t<\/div>\n\t\t<\/section>\n\t\t\t\t<\/div>","protected":false},"excerpt":{"rendered":"<p>Eleva la tua Presenza nel Mondo HORECA con una Gestione Social su Misura! &lt;style&gt;\/*! elementor &#8211; v3.20.0 &#8211; 26-03-2024 *\/ .elementor-widget-image{text-align:center}.elementor-widget-image a{display:inline-block}.elementor-widget-image a img[src$=&#8221;.svg&#8221;]{width:48px}.elementor-widget-image img{vertical-align:middle;display:inline-block}&#8230;<\/p>\n","protected":false},"author":1,"featured_media":0,"parent":0,"menu_order":0,"comment_status":"closed","ping_status":"closed","template":"","meta":{"_acf_changed":false,"_seopress_robots_primary_cat":"","_seopress_titles_title":"","_seopress_titles_desc":"","_seopress_robots_index":"","_daim_seo_power":"","_daim_enable_ail":"","footnotes":""},"class_list":["post-106424","page","type-page","status-publish"],"acf":[],"_links":{"self":[{"href":"https:\/\/www.italiadelight.it\/blog\/fr\/wp-json\/wp\/v2\/pages\/106424","targetHints":{"allow":["GET"]}}],"collection":[{"href":"https:\/\/www.italiadelight.it\/blog\/fr\/wp-json\/wp\/v2\/pages"}],"about":[{"href":"https:\/\/www.italiadelight.it\/blog\/fr\/wp-json\/wp\/v2\/types\/page"}],"author":[{"embeddable":true,"href":"https:\/\/www.italiadelight.it\/blog\/fr\/wp-json\/wp\/v2\/users\/1"}],"replies":[{"embeddable":true,"href":"https:\/\/www.italiadelight.it\/blog\/fr\/wp-json\/wp\/v2\/comments?post=106424"}],"version-history":[{"count":0,"href":"https:\/\/www.italiadelight.it\/blog\/fr\/wp-json\/wp\/v2\/pages\/106424\/revisions"}],"wp:attachment":[{"href":"https:\/\/www.italiadelight.it\/blog\/fr\/wp-json\/wp\/v2\/media?parent=106424"}],"curies":[{"name":"wp","href":"https:\/\/api.w.org\/{rel}","templated":true}]}}