{"id":2348,"date":"2023-01-16T14:59:47","date_gmt":"2023-01-16T08:59:47","guid":{"rendered":"https:\/\/www.italiadelight.it\/?page_id=2348"},"modified":"2024-02-29T09:17:59","modified_gmt":"2024-02-29T08:17:59","slug":"quienes-somos","status":"publish","type":"page","link":"https:\/\/www.italiadelight.it\/blog\/es\/chi-siamo\/","title":{"rendered":"Qui\u00e9nes somos"},"content":{"rendered":"<div data-elementor-type=\"wp-page\" data-elementor-id=\"2348\" class=\"elementor elementor-2348\">\n\t\t\t\t\t\t<section class=\"elementor-section elementor-top-section elementor-element elementor-element-06aa5e2 elementor-section-boxed elementor-section-height-default elementor-section-height-default\" data-id=\"06aa5e2\" data-element_type=\"section\" data-e-type=\"section\">\n\t\t\t\t\t\t<div class=\"elementor-container elementor-column-gap-default\">\n\t\t\t\t\t<div class=\"elementor-column elementor-col-100 elementor-top-column elementor-element elementor-element-aac9e58\" data-id=\"aac9e58\" data-element_type=\"column\" data-e-type=\"column\">\n\t\t\t<div class=\"elementor-widget-wrap elementor-element-populated\">\n\t\t\t\t\t\t<div class=\"elementor-element elementor-element-4dfe89b elementor-widget elementor-widget-heading\" data-id=\"4dfe89b\" data-element_type=\"widget\" data-e-type=\"widget\" data-widget_type=\"heading.default\">\n\t\t\t\t\t<h2 class=\"elementor-heading-title elementor-size-default\">Un puente entre tradici\u00f3n e innovaci\u00f3n<\/h2>\t\t\t\t<\/div>\n\t\t\t\t<div class=\"elementor-element elementor-element-069963c elementor-widget elementor-widget-text-editor\" data-id=\"069963c\" data-element_type=\"widget\" data-e-type=\"widget\" data-widget_type=\"text-editor.default\">\n\t\t\t\t\t\t\t\t\t<p style=\"text-align: center;\"><strong>Italia Delight<\/strong> naci\u00f3 de la intersecci\u00f3n del amor por la <strong>Tradiciones culinarias italianas<\/strong> y entusiasmo por la <strong>nuevas tecnolog\u00edas<\/strong>. Nuestra plataforma act\u00faa como punto de referencia para cualquiera que desee sumergirse en la autenticidad de la cocina italiana, ofreciendo una gu\u00eda fiable y completa para descubrir restaurantes tradicionales e innovadores en toda Italia. La visi\u00f3n que gu\u00eda nuestro trabajo es hacer accesible la riqueza gastron\u00f3mica de Italia a un p\u00fablico cada vez m\u00e1s amplio, promoviendo la cultura de la buena mesa.<\/p>\t\t\t\t\t\t\t\t<\/div>\n\t\t\t\t\t<\/div>\n\t\t<\/div>\n\t\t\t\t\t<\/div>\n\t\t<\/section>\n\t\t\t\t<section class=\"elementor-section elementor-top-section elementor-element elementor-element-dac1673 elementor-section-boxed elementor-section-height-default elementor-section-height-default\" data-id=\"dac1673\" data-element_type=\"section\" data-e-type=\"section\" data-settings=\"{&quot;background_background&quot;:&quot;classic&quot;}\">\n\t\t\t\t\t\t<div class=\"elementor-container elementor-column-gap-default\">\n\t\t\t\t\t<div class=\"elementor-column elementor-col-50 elementor-top-column elementor-element elementor-element-2025acd\" data-id=\"2025acd\" data-element_type=\"column\" data-e-type=\"column\">\n\t\t\t<div class=\"elementor-widget-wrap elementor-element-populated\">\n\t\t\t\t\t\t<div class=\"elementor-element elementor-element-5e02838 elementor-widget elementor-widget-image\" data-id=\"5e02838\" data-element_type=\"widget\" data-e-type=\"widget\" data-widget_type=\"image.default\">\n\t\t\t\t\t\t\t\t\t\t\t\t\t\t\t<img fetchpriority=\"high\" decoding=\"async\" width=\"2000\" height=\"1333\" src=\"https:\/\/www.italiadelight.it\/blog\/wp-content\/uploads\/2024\/02\/italian-food.jpg\" class=\"attachment-full size-full wp-image-8149 not-transparent\" alt=\"Comida italiana\" srcset=\"https:\/\/www.italiadelight.it\/blog\/wp-content\/uploads\/2024\/02\/italian-food.jpg 2000w, https:\/\/www.italiadelight.it\/blog\/wp-content\/uploads\/2024\/02\/italian-food-300x200.jpg 300w, https:\/\/www.italiadelight.it\/blog\/wp-content\/uploads\/2024\/02\/italian-food-1024x682.jpg 1024w, https:\/\/www.italiadelight.it\/blog\/wp-content\/uploads\/2024\/02\/italian-food-768x512.jpg 768w, https:\/\/www.italiadelight.it\/blog\/wp-content\/uploads\/2024\/02\/italian-food-1536x1024.jpg 1536w, https:\/\/www.italiadelight.it\/blog\/wp-content\/uploads\/2024\/02\/italian-food-18x12.jpg 18w, https:\/\/www.italiadelight.it\/blog\/wp-content\/uploads\/2024\/02\/italian-food-600x400.jpg 600w\" sizes=\"(max-width: 2000px) 100vw, 2000px\" data-has-transparency=\"false\" data-dominant-color=\"cabda5\" style=\"--dominant-color: #cabda5\" \/>\t\t\t\t\t\t\t\t\t\t\t\t\t\t\t<\/div>\n\t\t\t\t\t<\/div>\n\t\t<\/div>\n\t\t\t\t<div class=\"elementor-column elementor-col-50 elementor-top-column elementor-element elementor-element-a327029\" data-id=\"a327029\" data-element_type=\"column\" data-e-type=\"column\" data-settings=\"{&quot;background_background&quot;:&quot;classic&quot;}\">\n\t\t\t<div class=\"elementor-widget-wrap elementor-element-populated\">\n\t\t\t\t\t\t<div class=\"elementor-element elementor-element-8c7f9b3 elementor-widget elementor-widget-text-editor\" data-id=\"8c7f9b3\" data-element_type=\"widget\" data-e-type=\"widget\" data-widget_type=\"text-editor.default\">\n\t\t\t\t\t\t\t\t\t<p>Su restaurante,<br \/>Protagonista de la cocina italiana<\/p>\t\t\t\t\t\t\t\t<\/div>\n\t\t\t\t\t<\/div>\n\t\t<\/div>\n\t\t\t\t\t<\/div>\n\t\t<\/section>\n\t\t\t\t<section class=\"elementor-section elementor-top-section elementor-element elementor-element-0ee6f2d elementor-reverse-mobile elementor-section-boxed elementor-section-height-default elementor-section-height-default\" data-id=\"0ee6f2d\" data-element_type=\"section\" data-e-type=\"section\" data-settings=\"{&quot;background_background&quot;:&quot;classic&quot;}\">\n\t\t\t\t\t\t\t<div class=\"elementor-background-overlay\"><\/div>\n\t\t\t\t\t\t\t<div class=\"elementor-container elementor-column-gap-default\">\n\t\t\t\t\t<div class=\"elementor-column elementor-col-50 elementor-top-column elementor-element elementor-element-9125d17\" data-id=\"9125d17\" data-element_type=\"column\" data-e-type=\"column\">\n\t\t\t<div class=\"elementor-widget-wrap elementor-element-populated\">\n\t\t\t\t\t\t<div class=\"elementor-element elementor-element-18909ed elementor-widget elementor-widget-heading\" data-id=\"18909ed\" data-element_type=\"widget\" data-e-type=\"widget\" data-widget_type=\"heading.default\">\n\t\t\t\t\t<h2 class=\"elementor-heading-title elementor-size-default\">Conectando restaurantes y entusiastas<\/h2>\t\t\t\t<\/div>\n\t\t\t\t\t<\/div>\n\t\t<\/div>\n\t\t\t\t<div class=\"elementor-column elementor-col-50 elementor-top-column elementor-element elementor-element-813ec62\" data-id=\"813ec62\" data-element_type=\"column\" data-e-type=\"column\">\n\t\t\t<div class=\"elementor-widget-wrap\">\n\t\t\t\t\t\t\t<\/div>\n\t\t<\/div>\n\t\t\t\t\t<\/div>\n\t\t<\/section>\n\t\t\t\t<section class=\"elementor-section elementor-top-section elementor-element elementor-element-fd20861 elementor-section-boxed elementor-section-height-default elementor-section-height-default\" data-id=\"fd20861\" data-element_type=\"section\" data-e-type=\"section\">\n\t\t\t\t\t\t<div class=\"elementor-container elementor-column-gap-default\">\n\t\t\t\t\t<div class=\"elementor-column elementor-col-100 elementor-top-column elementor-element elementor-element-35d8b20\" data-id=\"35d8b20\" data-element_type=\"column\" data-e-type=\"column\">\n\t\t\t<div class=\"elementor-widget-wrap elementor-element-populated\">\n\t\t\t\t\t\t<div class=\"elementor-element elementor-element-86ba325 elementor-widget elementor-widget-heading\" data-id=\"86ba325\" data-element_type=\"widget\" data-e-type=\"widget\" data-widget_type=\"heading.default\">\n\t\t\t\t\t<h2 class=\"elementor-heading-title elementor-size-default\">Celebraci\u00f3n de la hospitalidad italiana<\/h2>\t\t\t\t<\/div>\n\t\t\t\t<div class=\"elementor-element elementor-element-8b14e01 elementor-widget elementor-widget-text-editor\" data-id=\"8b14e01\" data-element_type=\"widget\" data-e-type=\"widget\" data-widget_type=\"text-editor.default\">\n\t\t\t\t\t\t\t\t\t<p>El coraz\u00f3n palpitante de <strong>Italia Delight<\/strong> es el compromiso de <strong>celebrar y preservar la hospitalidad italiana<\/strong>considerada una de las piedras angulares de nuestra cultura. Creemos firmemente en el poder de la comida para unir a las personas y en el papel fundamental de los restaurantes como lugares de intercambio cultural y social. Por ello, nuestra misi\u00f3n es doble: por un lado, apoyamos a los restauradores en su viaje hacia la digitalizaci\u00f3n y, por otro, ofrecemos a los amantes de la gastronom\u00eda una herramienta para explorar y enamorarse de los aut\u00e9nticos sabores de nuestro pa\u00eds. Italia Delight es m\u00e1s que una plataforma: es una comunidad de personas que comparten el amor por la cocina italiana.<\/p>\t\t\t\t\t\t\t\t<\/div>\n\t\t\t\t<div class=\"elementor-element elementor-element-4320a24 elementor-widget__width-auto elementor-absolute elementor-hidden-tablet elementor-hidden-mobile elementor-widget elementor-widget-image\" data-id=\"4320a24\" data-element_type=\"widget\" data-e-type=\"widget\" data-settings=\"{&quot;_position&quot;:&quot;absolute&quot;}\" data-widget_type=\"image.default\">\n\t\t\t\t\t\t\t\t\t\t\t\t\t\t\t<img decoding=\"async\" width=\"112\" height=\"93\" src=\"https:\/\/www.italiadelight.it\/blog\/wp-content\/uploads\/2023\/02\/Vector.png\" class=\"attachment-full size-full wp-image-3456\" alt=\"\" srcset=\"https:\/\/www.italiadelight.it\/blog\/wp-content\/uploads\/2023\/02\/Vector.png 112w, https:\/\/www.italiadelight.it\/blog\/wp-content\/uploads\/2023\/02\/Vector-14x12.png 14w\" sizes=\"(max-width: 112px) 100vw, 112px\" \/>\t\t\t\t\t\t\t\t\t\t\t\t\t\t\t<\/div>\n\t\t\t\t\t<\/div>\n\t\t<\/div>\n\t\t\t\t\t<\/div>\n\t\t<\/section>\n\t\t\t\t<\/div>","protected":false},"excerpt":{"rendered":"<p>Un puente entre tradici&oacute;n e innovaci&oacute;n &lt;p style=&quot;&rdquo;text-align:&quot; center;&rdquo;&gt;&lt;strong&gt;Italia Delight&lt;\/strong&gt; nasce dall&rsquo;incrocio tra l&rsquo;amore per le &lt;strong&gt;Tradiciones culinarias italianas&lt;\/strong&gt; e l&rsquo;entusiasmo per le &lt;strong&gt;nuevas tecnolog&iacute;as&lt;\/strong&gt;&hellip;.<\/p>","protected":false},"author":1,"featured_media":0,"parent":0,"menu_order":0,"comment_status":"closed","ping_status":"closed","template":"elementor_header_footer","meta":{"_acf_changed":false,"_seopress_robots_primary_cat":"","_seopress_titles_title":"","_seopress_titles_desc":"","_seopress_robots_index":"","_daim_seo_power":"","_daim_enable_ail":"","footnotes":""},"class_list":["post-2348","page","type-page","status-publish"],"acf":[],"_links":{"self":[{"href":"https:\/\/www.italiadelight.it\/blog\/es\/wp-json\/wp\/v2\/pages\/2348","targetHints":{"allow":["GET"]}}],"collection":[{"href":"https:\/\/www.italiadelight.it\/blog\/es\/wp-json\/wp\/v2\/pages"}],"about":[{"href":"https:\/\/www.italiadelight.it\/blog\/es\/wp-json\/wp\/v2\/types\/page"}],"author":[{"embeddable":true,"href":"https:\/\/www.italiadelight.it\/blog\/es\/wp-json\/wp\/v2\/users\/1"}],"replies":[{"embeddable":true,"href":"https:\/\/www.italiadelight.it\/blog\/es\/wp-json\/wp\/v2\/comments?post=2348"}],"version-history":[{"count":0,"href":"https:\/\/www.italiadelight.it\/blog\/es\/wp-json\/wp\/v2\/pages\/2348\/revisions"}],"wp:attachment":[{"href":"https:\/\/www.italiadelight.it\/blog\/es\/wp-json\/wp\/v2\/media?parent=2348"}],"curies":[{"name":"wp","href":"https:\/\/api.w.org\/{rel}","templated":true}]}}