{"id":107998,"date":"2024-04-17T07:14:59","date_gmt":"2024-04-17T05:14:59","guid":{"rendered":"https:\/\/www.italiadelight.it\/disconoscimento\/"},"modified":"2024-04-17T07:14:59","modified_gmt":"2024-04-17T05:14:59","slug":"disconoscimento","status":"publish","type":"page","link":"https:\/\/www.italiadelight.it\/blog\/es\/disconoscimento\/","title":{"rendered":"Desmentido"},"content":{"rendered":"<!-- Legal document generated by Complianz | GDPR\/CCPA Cookie Consent https:\/\/wordpress.org\/plugins\/complianz-gdpr -->\n<div id=\"cmplz-document\" class=\"cmplz-document disclaimer cmplz-document-all\"><p>G Tech Group S.R.L.S. se compromete a mantener esta web actualizada y precisa. Si, a pesar de todo, encontrara algo incorrecto o desactualizado, le agradecer\u00edamos que nos lo hiciera saber. Por favor, indique en qu\u00e9 parte de la web ha le\u00eddo la informaci\u00f3n. La revisaremos lo antes posible. Por favor, env\u00ede su duda por correo electr\u00f3nico a: <span class=\"cmplz-obfuscate\">&#115;&#117;p&#112;o&#114;t@<span class=\"cmplz-fmail-domain\">e&#120;&#046;co&#109;<\/span>&#103;&#116;&#101;ch&#103;rou&#112;&#046;it<\/span>.<\/p><p>No nos responsabilizamos de las p\u00e9rdidas derivadas de inexactitudes o datos incompletos, ni de las p\u00e9rdidas resultantes de problemas causados o inherentes a la difusi\u00f3n de la informaci\u00f3n a trav\u00e9s de Internet, como interrupciones o fallos. Al utilizar formularios web, nos esforzamos por limitar al m\u00ednimo el n\u00famero de campos obligatorios. Por cualquier p\u00e9rdida sufrida como resultado del uso de datos, consejos o ideas proporcionadas por G Tech Group S.R.L.S. o en su nombre a trav\u00e9s de esta web, G Tech Group S.R.L.S. no acepta ninguna responsabilidad.<\/p><p>Las respuestas y preguntas sobre privacidad enviadas por correo electr\u00f3nico o a trav\u00e9s de un formulario web ser\u00e1n tratadas de la misma manera que las cartas. Esto significa que puede esperar una respuesta nuestra en un plazo m\u00e1ximo de 1 mes. En el caso de solicitudes complejas, le informaremos en el plazo de 1 mes si necesitamos un m\u00e1ximo de 3 meses.<\/p><p>Cualquier dato personal que nos proporcione en el contexto de su respuesta o solicitud de informaci\u00f3n s\u00f3lo se utilizar\u00e1 de acuerdo con nuestra declaraci\u00f3n de privacidad.<\/p><p>G Tech Group S.R.L.S. har\u00e1 todos los esfuerzos razonables para proteger sus sistemas contra cualquier forma de uso il\u00edcito. G Tech Group S.R.L.S. aplicar\u00e1 las medidas t\u00e9cnicas y organizativas adecuadas a tal fin, teniendo en cuenta, entre otras cosas, el estado de la t\u00e9cnica. No obstante, no ser\u00e1 responsable de ning\u00fan perjuicio, directo y\/o indirecto, sufrido por un usuario de la web, que se derive del uso il\u00edcito de sus sistemas por parte de un tercero.<\/p><p>G Tech Group S.R.L.S. no se hace responsable del contenido de las p\u00e1ginas web a las que se hace referencia mediante hiperv\u00ednculos u otras referencias. Los productos o servicios ofrecidos por terceros estar\u00e1n sujetos a los t\u00e9rminos y condiciones aplicables de dichos terceros.<\/p><p>Todos los derechos de propiedad intelectual sobre el contenido de esta web pertenecen a terceros que han colocado el contenido ellos mismos o de quienes G Tech Group S.R.L.S. ha obtenido una licencia de usuario.<\/p><p>La copia, difusi\u00f3n y cualquier otro uso de estos materiales no est\u00e1 permitido sin el permiso escrito de G Tech Group S.R.L.S., excepto y s\u00f3lo en la medida en que se estipule lo contrario en los reglamentos de la ley obligatoria (como el derecho de cita), a menos que el contenido espec\u00edfico dicte lo contrario.<\/p><p>Si tiene alguna pregunta o problema con la accesibilidad de la web, no dude en ponerse en contacto con nosotros.<\/p><\/div>","protected":false},"excerpt":{"rendered":"","protected":false},"author":1,"featured_media":0,"parent":0,"menu_order":0,"comment_status":"closed","ping_status":"closed","template":"","meta":{"_acf_changed":false,"_seopress_robots_primary_cat":"","_seopress_titles_title":"","_seopress_titles_desc":"","_seopress_robots_index":"","_daim_seo_power":"","_daim_enable_ail":"","footnotes":""},"class_list":["post-107998","page","type-page","status-publish"],"acf":[],"_links":{"self":[{"href":"https:\/\/www.italiadelight.it\/blog\/es\/wp-json\/wp\/v2\/pages\/107998","targetHints":{"allow":["GET"]}}],"collection":[{"href":"https:\/\/www.italiadelight.it\/blog\/es\/wp-json\/wp\/v2\/pages"}],"about":[{"href":"https:\/\/www.italiadelight.it\/blog\/es\/wp-json\/wp\/v2\/types\/page"}],"author":[{"embeddable":true,"href":"https:\/\/www.italiadelight.it\/blog\/es\/wp-json\/wp\/v2\/users\/1"}],"replies":[{"embeddable":true,"href":"https:\/\/www.italiadelight.it\/blog\/es\/wp-json\/wp\/v2\/comments?post=107998"}],"version-history":[{"count":0,"href":"https:\/\/www.italiadelight.it\/blog\/es\/wp-json\/wp\/v2\/pages\/107998\/revisions"}],"wp:attachment":[{"href":"https:\/\/www.italiadelight.it\/blog\/es\/wp-json\/wp\/v2\/media?parent=107998"}],"curies":[{"name":"wp","href":"https:\/\/api.w.org\/{rel}","templated":true}]}}