{"id":106424,"date":"2024-04-09T15:51:44","date_gmt":"2024-04-09T13:51:44","guid":{"rendered":"https:\/\/www.italiadelight.it\/?page_id=106424"},"modified":"2024-04-09T17:16:49","modified_gmt":"2024-04-09T15:16:49","slug":"gestion-social","status":"publish","type":"page","link":"https:\/\/www.italiadelight.it\/blog\/es\/gestione-social\/","title":{"rendered":"Gesti\u00f3n social"},"content":{"rendered":"<div data-elementor-type=\"wp-page\" data-elementor-id=\"106424\" class=\"elementor elementor-106424\">\n\t\t\t\t\t\t<section class=\"elementor-section elementor-top-section elementor-element elementor-element-78cd32e elementor-section-boxed elementor-section-height-default elementor-section-height-default\" data-id=\"78cd32e\" data-element_type=\"section\" data-e-type=\"section\" data-settings=\"{&quot;background_background&quot;:&quot;classic&quot;}\">\n\t\t\t\t\t\t<div class=\"elementor-container elementor-column-gap-default\">\n\t\t\t\t\t<div class=\"elementor-column elementor-col-100 elementor-top-column elementor-element elementor-element-03e2d74\" data-id=\"03e2d74\" data-element_type=\"column\" data-e-type=\"column\">\n\t\t\t<div class=\"elementor-widget-wrap elementor-element-populated\">\n\t\t\t\t\t\t<div class=\"elementor-element elementor-element-5e907c0 elementor-widget elementor-widget-heading\" data-id=\"5e907c0\" data-element_type=\"widget\" data-e-type=\"widget\" data-widget_type=\"heading.default\">\n\t\t\t\t\t<h2 class=\"elementor-heading-title elementor-size-default\">\u00a1Eleve su presencia en el mundo HORECA con una gesti\u00f3n social a medida!\n\n<\/h2>\t\t\t\t<\/div>\n\t\t\t\t\t<\/div>\n\t\t<\/div>\n\t\t\t\t\t<\/div>\n\t\t<\/section>\n\t\t\t\t<section class=\"elementor-section elementor-top-section elementor-element elementor-element-a4bdcdf elementor-section-content-middle elementor-reverse-tablet elementor-reverse-mobile elementor-section-boxed elementor-section-height-default elementor-section-height-default\" data-id=\"a4bdcdf\" data-element_type=\"section\" data-e-type=\"section\">\n\t\t\t\t\t\t<div class=\"elementor-container elementor-column-gap-default\">\n\t\t\t\t\t<div class=\"elementor-column elementor-col-50 elementor-top-column elementor-element elementor-element-963e315\" data-id=\"963e315\" data-element_type=\"column\" data-e-type=\"column\">\n\t\t\t<div class=\"elementor-widget-wrap elementor-element-populated\">\n\t\t\t\t\t\t<div class=\"elementor-element elementor-element-53984e4 elementor-invisible elementor-widget elementor-widget-image\" data-id=\"53984e4\" data-element_type=\"widget\" data-e-type=\"widget\" data-settings=\"{&quot;_animation&quot;:&quot;fadeInLeft&quot;}\" data-widget_type=\"image.default\">\n\t\t\t\t\t\t\t\t\t\t\t\t\t\t\t<img fetchpriority=\"high\" decoding=\"async\" width=\"796\" height=\"880\" src=\"https:\/\/www.italiadelight.it\/blog\/wp-content\/uploads\/2024\/04\/Asset-053.png\" class=\"attachment-full size-full wp-image-106448 has-transparency\" alt=\"Hombre sonriente usa tableta, fondo simulado de Instagram.\" srcset=\"https:\/\/www.italiadelight.it\/blog\/wp-content\/uploads\/2024\/04\/Asset-053.png 796w, https:\/\/www.italiadelight.it\/blog\/wp-content\/uploads\/2024\/04\/Asset-053-271x300.png 271w, https:\/\/www.italiadelight.it\/blog\/wp-content\/uploads\/2024\/04\/Asset-053-768x849.png 768w, https:\/\/www.italiadelight.it\/blog\/wp-content\/uploads\/2024\/04\/Asset-053-11x12.png 11w\" sizes=\"(max-width: 796px) 100vw, 796px\" data-has-transparency=\"true\" data-dominant-color=\"b5bccd\" style=\"--dominant-color: #b5bccd\" \/>\t\t\t\t\t\t\t\t\t\t\t\t\t\t\t<\/div>\n\t\t\t\t\t<\/div>\n\t\t<\/div>\n\t\t\t\t<div class=\"elementor-column elementor-col-50 elementor-top-column elementor-element elementor-element-30fc317\" data-id=\"30fc317\" data-element_type=\"column\" data-e-type=\"column\">\n\t\t\t<div class=\"elementor-widget-wrap elementor-element-populated\">\n\t\t\t\t\t\t<div class=\"elementor-element elementor-element-16789b7 elementor-widget elementor-widget-heading\" data-id=\"16789b7\" data-element_type=\"widget\" data-e-type=\"widget\" data-widget_type=\"heading.default\">\n\t\t\t\t\t<h2 class=\"elementor-heading-title elementor-size-default\">Por qu\u00e9 su empresa merece algo m\u00e1s que visibilidad en l\u00ednea\n\n<\/h2>\t\t\t\t<\/div>\n\t\t\t\t<div class=\"elementor-element elementor-element-066016d elementor-widget elementor-widget-animated-headline\" data-id=\"066016d\" data-element_type=\"widget\" data-e-type=\"widget\" data-widget_type=\"animated-headline.default\">\n\t\t\t\t<div class=\"elementor-widget-container\">\n\t\t\t\t\t \t\t\t\t<\/div>\n\t\t\t\t<\/div>\n\t\t\t\t<div class=\"elementor-element elementor-element-1b2a70b elementor-widget elementor-widget-text-editor\" data-id=\"1b2a70b\" data-element_type=\"widget\" data-e-type=\"widget\" data-widget_type=\"text-editor.default\">\n\t\t\t\t\t\t\t\t\t<p><strong>Servicio profesional de gesti\u00f3n social incluido:<\/strong><\/p><ul><li>Gesti\u00f3n de <strong>hasta 3 cuentas sociales<\/strong><\/li><li>Plan editorial <strong>mensual a medida<\/strong><\/li><li><strong>2 publicaciones semanales multicanal<\/strong> con texto editado y gr\u00e1ficos\/fotos<\/li><li><strong>Optimizaci\u00f3n<\/strong> de la configuraci\u00f3n de Business Manager o Pixel<\/li><li>Soporte en las principales redes sociales: Facebook, Instagram, LinkedIn, Pinterest, Google My Business, Telegram<\/li><\/ul>\t\t\t\t\t\t\t\t<\/div>\n\t\t\t\t<div class=\"elementor-element elementor-element-00b8dde elementor-align-center elementor-widget elementor-widget-button\" data-id=\"00b8dde\" data-element_type=\"widget\" data-e-type=\"widget\" data-widget_type=\"button.default\">\n\t\t\t\t\t\t\t\t\t\t<a class=\"elementor-button elementor-button-link elementor-size-sm elementor-animation-grow\" href=\"https:\/\/www.italiadelight.it\/blog\/es\/contactos\/\">\n\t\t\t\t\t\t<span class=\"elementor-button-content-wrapper\">\n\t\t\t\t\t\t\t\t\t<span class=\"elementor-button-text\">Solicite una consulta gratuita<\/span>\n\t\t\t\t\t<\/span>\n\t\t\t\t\t<\/a>\n\t\t\t\t\t\t\t\t<\/div>\n\t\t\t\t\t<\/div>\n\t\t<\/div>\n\t\t\t\t\t<\/div>\n\t\t<\/section>\n\t\t\t\t<section class=\"elementor-section elementor-top-section elementor-element elementor-element-98d0bae elementor-section-boxed elementor-section-height-default elementor-section-height-default\" data-id=\"98d0bae\" data-element_type=\"section\" data-e-type=\"section\" data-settings=\"{&quot;background_background&quot;:&quot;classic&quot;}\">\n\t\t\t\t\t\t<div class=\"elementor-container elementor-column-gap-default\">\n\t\t\t\t\t<div class=\"elementor-column elementor-col-100 elementor-top-column elementor-element elementor-element-1860955\" data-id=\"1860955\" data-element_type=\"column\" data-e-type=\"column\">\n\t\t\t<div class=\"elementor-widget-wrap elementor-element-populated\">\n\t\t\t\t\t\t<div class=\"elementor-element elementor-element-1b148ac elementor-widget elementor-widget-heading\" data-id=\"1b148ac\" data-element_type=\"widget\" data-e-type=\"widget\" data-settings=\"{&quot;_animation_mobile&quot;:&quot;zoomIn&quot;}\" data-widget_type=\"heading.default\">\n\t\t\t\t\t<h2 class=\"elementor-heading-title elementor-size-default\">Una experiencia gourmet en marketing digital para restaurantes, hoteles y bares que quieren destacar y dejar huella en el paladar digital de sus clientes.\n\n<\/h2>\t\t\t\t<\/div>\n\t\t\t\t\t<\/div>\n\t\t<\/div>\n\t\t\t\t\t<\/div>\n\t\t<\/section>\n\t\t\t\t<section class=\"elementor-section elementor-top-section elementor-element elementor-element-5284c3a elementor-section-boxed elementor-section-height-default elementor-section-height-default\" data-id=\"5284c3a\" data-element_type=\"section\" data-e-type=\"section\">\n\t\t\t\t\t\t<div class=\"elementor-container elementor-column-gap-default\">\n\t\t\t\t\t<div class=\"elementor-column elementor-col-50 elementor-top-column elementor-element elementor-element-9ba8c53\" data-id=\"9ba8c53\" data-element_type=\"column\" data-e-type=\"column\">\n\t\t\t<div class=\"elementor-widget-wrap elementor-element-populated\">\n\t\t\t\t\t\t<div class=\"elementor-element elementor-element-cdfe544 elementor-widget elementor-widget-heading\" data-id=\"cdfe544\" data-element_type=\"widget\" data-e-type=\"widget\" data-widget_type=\"heading.default\">\n\t\t\t\t\t<h2 class=\"elementor-heading-title elementor-size-default\">No deje que su empresa pase desapercibida.\n\n\n\n\n<\/h2>\t\t\t\t<\/div>\n\t\t\t\t<div class=\"elementor-element elementor-element-a8d7fd2 elementor-widget elementor-widget-text-editor\" data-id=\"a8d7fd2\" data-element_type=\"widget\" data-e-type=\"widget\" data-widget_type=\"text-editor.default\">\n\t\t\t\t\t\t\t\t\t<p>\u00bfSab\u00edas que <strong>una p\u00e1gina social obsoleta<\/strong> puede tener un efecto contraproducente? Esto se aplica a todas las plataformas. Con nuestra gesti\u00f3n, no s\u00f3lo le ayudamos a mantener sus p\u00e1ginas <strong>social viva y actualizada<\/strong>pero ponemos a su disposici\u00f3n <strong>consultores de marketing con experiencia<\/strong>. Adem\u00e1s, somos los creadores de la conocida plataforma:<\/p>\t\t\t\t\t\t\t\t<\/div>\n\t\t\t\t<div class=\"elementor-element elementor-element-e133eaf elementor-widget elementor-widget-image\" data-id=\"e133eaf\" data-element_type=\"widget\" data-e-type=\"widget\" data-widget_type=\"image.default\">\n\t\t\t\t\t\t\t\t\t\t\t\t\t\t\t\t<a href=\"https:\/\/helpmepost.com\/\" target=\"_blank\">\n\t\t\t\t\t\t\t<img decoding=\"async\" width=\"2000\" height=\"500\" src=\"https:\/\/www.italiadelight.it\/blog\/wp-content\/uploads\/2024\/04\/2000x500px.png\" class=\"attachment-full size-full wp-image-106477 has-transparency\" alt=\"Caras sonrientes con fondo de silueta de monta\u00f1as.\" srcset=\"https:\/\/www.italiadelight.it\/blog\/wp-content\/uploads\/2024\/04\/2000x500px.png 2000w, https:\/\/www.italiadelight.it\/blog\/wp-content\/uploads\/2024\/04\/2000x500px-300x75.png 300w, https:\/\/www.italiadelight.it\/blog\/wp-content\/uploads\/2024\/04\/2000x500px-1024x256.png 1024w, https:\/\/www.italiadelight.it\/blog\/wp-content\/uploads\/2024\/04\/2000x500px-768x192.png 768w, https:\/\/www.italiadelight.it\/blog\/wp-content\/uploads\/2024\/04\/2000x500px-1536x384.png 1536w, https:\/\/www.italiadelight.it\/blog\/wp-content\/uploads\/2024\/04\/2000x500px-18x5.png 18w\" sizes=\"(max-width: 2000px) 100vw, 2000px\" data-has-transparency=\"true\" data-dominant-color=\"5b87ab\" style=\"--dominant-color: #5b87ab\" \/>\t\t\t\t\t\t\t\t<\/a>\n\t\t\t\t\t\t\t\t\t\t\t\t\t\t\t<\/div>\n\t\t\t\t<div class=\"elementor-element elementor-element-31ba612 elementor-widget elementor-widget-text-editor\" data-id=\"31ba612\" data-element_type=\"widget\" data-e-type=\"widget\" data-widget_type=\"text-editor.default\">\n\t\t\t\t\t\t\t\t\t<p>\u00bfPor qu\u00e9 esperar m\u00e1s? Conf\u00ede en <strong>profesionales<\/strong>. No prometemos milagros como convertirte en influencer o llegar a millones de usuarios de la noche a la ma\u00f1ana, pero te aseguramos que <strong>gesti\u00f3n social a un precio asequible<\/strong> y un equipo de expertos dedicados que maximizar\u00e1n el potencial de cada canal social. As\u00ed tendr\u00e1 tiempo de sobra para <strong>conc\u00e9ntrese en su trabajo<\/strong>.<\/p>\t\t\t\t\t\t\t\t<\/div>\n\t\t\t\t<div class=\"elementor-element elementor-element-ceb03ea elementor-align-center elementor-widget elementor-widget-button\" data-id=\"ceb03ea\" data-element_type=\"widget\" data-e-type=\"widget\" data-widget_type=\"button.default\">\n\t\t\t\t\t\t\t\t\t\t<a class=\"elementor-button elementor-button-link elementor-size-sm elementor-animation-grow\" href=\"https:\/\/www.italiadelight.it\/blog\/es\/contactos\/\">\n\t\t\t\t\t\t<span class=\"elementor-button-content-wrapper\">\n\t\t\t\t\t\t\t\t\t<span class=\"elementor-button-text\">Solicite una consulta gratuita<\/span>\n\t\t\t\t\t<\/span>\n\t\t\t\t\t<\/a>\n\t\t\t\t\t\t\t\t<\/div>\n\t\t\t\t\t<\/div>\n\t\t<\/div>\n\t\t\t\t<div class=\"elementor-column elementor-col-50 elementor-top-column elementor-element elementor-element-dd17c11\" data-id=\"dd17c11\" data-element_type=\"column\" data-e-type=\"column\">\n\t\t\t<div class=\"elementor-widget-wrap elementor-element-populated\">\n\t\t\t\t\t\t<div class=\"elementor-element elementor-element-389bb5e elementor-invisible elementor-widget elementor-widget-image\" data-id=\"389bb5e\" data-element_type=\"widget\" data-e-type=\"widget\" data-settings=\"{&quot;_animation&quot;:&quot;fadeInRight&quot;}\" data-widget_type=\"image.default\">\n\t\t\t\t\t\t\t\t\t\t\t\t\t\t\t<img decoding=\"async\" width=\"512\" height=\"578\" src=\"https:\/\/www.italiadelight.it\/blog\/wp-content\/uploads\/2024\/04\/Asset-04.png\" class=\"attachment-full size-full wp-image-106442 has-transparency\" alt=\"Interfaz de usuario de an\u00e1lisis de redes sociales.\" srcset=\"https:\/\/www.italiadelight.it\/blog\/wp-content\/uploads\/2024\/04\/Asset-04.png 512w, https:\/\/www.italiadelight.it\/blog\/wp-content\/uploads\/2024\/04\/Asset-04-266x300.png 266w, https:\/\/www.italiadelight.it\/blog\/wp-content\/uploads\/2024\/04\/Asset-04-11x12.png 11w\" sizes=\"(max-width: 512px) 100vw, 512px\" data-has-transparency=\"true\" data-dominant-color=\"dee6ef\" style=\"--dominant-color: #dee6ef\" \/>\t\t\t\t\t\t\t\t\t\t\t\t\t\t\t<\/div>\n\t\t\t\t\t<\/div>\n\t\t<\/div>\n\t\t\t\t\t<\/div>\n\t\t<\/section>\n\t\t\t\t<\/div>","protected":false},"excerpt":{"rendered":"<p>Eleva la tua Presenza nel Mondo HORECA con una Gestione Social su Misura! &lt;style&gt;\/*! elementor &#8211; v3.20.0 &#8211; 26-03-2024 *\/ .elementor-widget-image{text-align:center}.elementor-widget-image a{display:inline-block}.elementor-widget-image a img[src$=&#8221;.svg&#8221;]{width:48px}.elementor-widget-image img{vertical-align:middle;display:inline-block}&#8230;<\/p>\n","protected":false},"author":1,"featured_media":0,"parent":0,"menu_order":0,"comment_status":"closed","ping_status":"closed","template":"","meta":{"_acf_changed":false,"_seopress_robots_primary_cat":"","_seopress_titles_title":"","_seopress_titles_desc":"","_seopress_robots_index":"","_daim_seo_power":"","_daim_enable_ail":"","footnotes":""},"class_list":["post-106424","page","type-page","status-publish"],"acf":[],"_links":{"self":[{"href":"https:\/\/www.italiadelight.it\/blog\/es\/wp-json\/wp\/v2\/pages\/106424","targetHints":{"allow":["GET"]}}],"collection":[{"href":"https:\/\/www.italiadelight.it\/blog\/es\/wp-json\/wp\/v2\/pages"}],"about":[{"href":"https:\/\/www.italiadelight.it\/blog\/es\/wp-json\/wp\/v2\/types\/page"}],"author":[{"embeddable":true,"href":"https:\/\/www.italiadelight.it\/blog\/es\/wp-json\/wp\/v2\/users\/1"}],"replies":[{"embeddable":true,"href":"https:\/\/www.italiadelight.it\/blog\/es\/wp-json\/wp\/v2\/comments?post=106424"}],"version-history":[{"count":0,"href":"https:\/\/www.italiadelight.it\/blog\/es\/wp-json\/wp\/v2\/pages\/106424\/revisions"}],"wp:attachment":[{"href":"https:\/\/www.italiadelight.it\/blog\/es\/wp-json\/wp\/v2\/media?parent=106424"}],"curies":[{"name":"wp","href":"https:\/\/api.w.org\/{rel}","templated":true}]}}