{"id":7939,"date":"2024-02-20T14:42:36","date_gmt":"2024-02-20T13:42:36","guid":{"rendered":"https:\/\/www.italiadelight.it\/termini-e-condizioni\/"},"modified":"2024-02-20T14:42:36","modified_gmt":"2024-02-20T13:42:36","slug":"termini-e-condizioni","status":"publish","type":"page","link":"https:\/\/www.italiadelight.it\/blog\/de\/termini-e-condizioni\/","title":{"rendered":"Bedingungen und Konditionen"},"content":{"rendered":"<!-- This legal document was generated by Complianz Terms &amp; Conditions https:\/\/wordpress.org\/plugins\/complianz-terms-conditions -->\n<div id=\"cmplz-document\" class=\"cmplz-document cmplz-terms-conditions\"><p><i>Die Allgemeinen Gesch\u00e4ftsbedingungen wurden zuletzt am 20 Februar 2024 aktualisiert<\/i><\/p><h2>1. Einf\u00fchrung<\/h2><p>Diese Allgemeinen Gesch\u00e4ftsbedingungen gelten f\u00fcr diese Website und f\u00fcr die Transaktionen im Zusammenhang mit unseren Produkten und Dienstleistungen.&nbsp;Sie k\u00f6nnen durch zus\u00e4tzliche Vertr\u00e4ge gebunden sein, die sich auf Ihre Beziehung zu uns oder auf Produkte oder Dienstleistungen beziehen, die Sie von uns erhalten.&nbsp;Wenn Bestimmungen der Zusatzvertr\u00e4ge mit Bestimmungen dieser Bedingungen in Konflikt stehen, haben die Bestimmungen dieser Zusatzvertr\u00e4ge Vorrang.<\/p><h2>2. Verbindlichkeit<\/h2><p>Indem Sie sich auf dieser Website registrieren, auf sie zugreifen oder sie anderweitig nutzen, erkl\u00e4ren Sie sich mit den nachstehend aufgef\u00fchrten Bedingungen einverstanden.&nbsp;Die blo\u00dfe Nutzung dieser Website setzt die Kenntnis und Akzeptanz dieser Allgemeinen Gesch\u00e4ftsbedingungen voraus.&nbsp;In einigen besonderen F\u00e4llen k\u00f6nnen wir Sie auch um Ihre ausdr\u00fcckliche Zustimmung bitten.<\/p><h2>3. Elektronische Kommunikation<\/h2><p>Durch die Nutzung dieser Website oder die Kommunikation mit uns auf elektronischem Wege erkl\u00e4ren Sie sich damit einverstanden und erkennen an, dass wir mit Ihnen auf elektronischem Wege auf unserer Website oder per E-Mail kommunizieren d\u00fcrfen, und Sie erkl\u00e4ren sich damit einverstanden, dass alle Vereinbarungen, Mitteilungen, Offenlegungen und sonstigen Mitteilungen, die wir Ihnen auf elektronischem Wege zukommen lassen, alle gesetzlichen Anforderungen erf\u00fcllen, einschlie\u00dflich, aber nicht beschr\u00e4nkt auf die Anforderung, dass solche Mitteilungen schriftlich erfolgen m\u00fcssen.<\/p><h2>4. Geistiges Eigentum<\/h2><p>Wir oder unsere Lizenzgeber besitzen und kontrollieren alle Urheberrechte und sonstigen Rechte an geistigem Eigentum auf der Website sowie die Daten, Informationen und sonstigen Ressourcen, die auf der Website angezeigt werden oder auf der Website zug\u00e4nglich ist.<\/p><p class=\"cmplz-subtitle\">4.1 Alle Rechte vorbehalten<\/p><p>Sofern nicht anders angegeben, wird Ihnen keine Lizenz oder ein anderes Recht im Rahmen von Urheberrechten, Marken, Patenten oder anderen Rechten an geistigem Eigentum gew\u00e4hrt.&nbsp;Das bedeutet, dass Sie ohne unsere vorherige schriftliche Genehmigung keine Ressourcen dieser Website in irgendeiner Form nutzen, kopieren, reproduzieren, vorf\u00fchren, ausstellen, verbreiten, in ein elektronisches Medium einbetten, ver\u00e4ndern, zur\u00fcckentwickeln, dekompilieren, \u00fcbertragen, herunterladen, \u00fcbermitteln, monetarisieren, verkaufen, vermarkten oder kommerzialisieren werden, es sei denn, zwingende gesetzliche Bestimmungen (wie z.B. das Zitatrecht) sehen etwas anderes vor.<\/p><h2>5. Newsletter<\/h2><p>Ungeachtet dessen k\u00f6nnen Sie unseren Newsletter in elektronischer Form an andere Personen weiterleiten, die an einem Besuch unserer Website interessiert sein k\u00f6nnten.<\/p><h2>6. Eigentum Drittanbieter<\/h2><p>Unsere Website kann Hyperlinks oder andere Verweise auf Websites anderer Parteien enthalten.&nbsp;Wir \u00fcberwachen oder \u00fcberpr\u00fcfen nicht den Inhalt der Websites anderer Parteien, auf die von dieser Website aus verwiesen wird.&nbsp;Produkte oder Dienstleistungen, die von anderen Websites angeboten werden, unterliegen den Allgemeinen Gesch\u00e4ftsbedingungen dieser Dritten.&nbsp;Auf diesen Websites ge\u00e4u\u00dferte Meinungen oder Materialien werden von uns nicht unbedingt geteilt oder unterst\u00fctzt.<\/p><p>Wir sind nicht verantwortlich f\u00fcr Datenschutzpraktiken oder Inhalte dieser Websites.&nbsp;Sie tragen alle Risiken, die mit der Nutzung dieser Websites und der damit verbundenen Dienste von Drittanbietern zugeh\u00f6ren.&nbsp;Wir \u00fcbernehmen keine Verantwortung f\u00fcr Verluste oder Sch\u00e4den jeglicher Art, die sich daraus ergeben, dass Sie pers\u00f6nliche Daten an Dritte weitergegeben haben.<\/p><h2>7. Verantwortungsbewusster Umgang<\/h2><p>Durch den Besuch unserer Website erkl\u00e4ren Sie sich damit einverstanden, diese nur f\u00fcr die beabsichtigten Zwecke und im Rahmen dieser Bedingungen, etwaiger zus\u00e4tzlicher Vertr\u00e4ge mit uns sowie der geltenden Gesetze, Vorschriften und allgemein anerkannten Online-Praktiken und Branchenrichtlinien zu nutzen.&nbsp;Sie d\u00fcrfen unsere Website oder Dienste nicht nutzen, um Material zu verwenden, zu ver\u00f6ffentlichen oder zu verbreiten, das aus b\u00f6sartiger Computersoftware besteht (oder mit dieser verlinkt ist); Sie d\u00fcrfen von unserer Website gesammelte Daten nicht f\u00fcr Direktmarketing-Aktivit\u00e4ten nutzen oder systematische oder automatisierte Datenerfassungsaktivit\u00e4ten auf oder in Bezug auf unsere Website durchf\u00fchren.<\/p><p>Die Teilnahme an Aktivit\u00e4ten, die Sch\u00e4den an der Website verursachen oder verursachen k\u00f6nnen oder die Leistung, Verf\u00fcgbarkeit oder Zug\u00e4nglichkeit der Website beeintr\u00e4chtigen, ist strengstens untersagt.<\/p><h2>8. Registrierung<\/h2><p>Sie k\u00f6nnen sich auf unserer Website f\u00fcr ein Konto anmelden.&nbsp;W\u00e4hrend dieses Vorgangs werden Sie m\u00f6glicherweise aufgefordert, ein Passwort zu w\u00e4hlen.&nbsp;Sie sind f\u00fcr die Wahrung der Vertraulichkeit von Passw\u00f6rtern und Kontoinformationen verantwortlich und erkl\u00e4ren sich damit einverstanden, Ihre Passw\u00f6rter, Kontoinformationen oder den gesicherten Zugang zu unserer Website oder unseren Dienstleistungen nicht an andere Personen weiterzugeben.&nbsp;Sie d\u00fcrfen keiner anderen Person gestatten, Ihr Konto f\u00fcr den Zugang zur Website zu nutzen, da Sie f\u00fcr alle Aktivit\u00e4ten verantwortlich sind, die durch die Nutzung Ihrer Passw\u00f6rter oder Konten erfolgen.&nbsp;Sie m\u00fcssen uns unverz\u00fcglich benachrichtigen, wenn Sie von einer Offenlegung Ihres Passworts erfahren.<\/p><p>Nach der K\u00fcndigung Ihres Kontos werden Sie nicht versuchen, ohne unsere Erlaubnis ein neues Konto zu registrieren.<\/p><h2>9. R\u00fcckerstattungs- und R\u00fcckgaberecht<\/h2><p class=\"cmplz-subtitle\">9.1 Recht des Widerrufs<\/p><p>Sie haben das Recht, binnen 14 Tagen ohne Angabe von Gr\u00fcnden diesen Vertrag zu widerrufen.<\/p><p>Die Widerrufsfrist l\u00e4uft nach 14 Tagen ab dem Tag des Vertragsabschlusses ab.<\/p><p>Um Ihr Widerrufsrecht auszu\u00fcben, m\u00fcssen Sie uns mittels einer eindeutigen Erkl\u00e4rung (z. B. ein mit der Post versandter Brief, Telefax oder E-Mail) \u00fcber Ihren Entschluss, diesen Vertrag zu widerrufen, informieren.&nbsp;Unsere Kontaktinformationen finden Sie unten.&nbsp;You may use the attached model <a href=\"https:\/\/www.italiadelight.it\/wp-content\/uploads\/custom-withdrawal-form.pdf\">withdrawal form<\/a>, but it is not obligatory.<\/p><p>Wenn Sie von dieser M\u00f6glichkeit Gebrauch machen, werden wir Ihnen unverz\u00fcglich auf einem dauerhaften Datentr\u00e4ger (z. B. per E-Mail) eine Best\u00e4tigung \u00fcber den Eingang eines solchen Widerrufs \u00fcbermitteln.<\/p><p>Zur Wahrung der Widerrufsfrist reicht es aus, dass Sie die Mitteilung \u00fcber die Aus\u00fcbung des Widerrufsrechts vor Ablauf der Widerrufsfrist absenden.<\/p><p class=\"cmplz-subtitle\">9.2 Auswirkungen eines Widerrufs<\/p><p>Wenn Sie diesen Vertrag widerrufen, haben wir Ihnen alle Zahlungen, die wir von Ihnen erhalten haben, einschlie\u00dflich der Lieferkosten (mit Ausnahme der zus\u00e4tzlichen Kosten, die sich daraus ergeben, dass Sie eine andere Art der Lieferung als die von uns angebotene, g\u00fcnstigste Standardlieferung gew\u00e4hlt haben), unverz\u00fcglich und sp\u00e4testens binnen 14 Tagen ab dem Tag zur\u00fcckzuzahlen, an dem die Mitteilung \u00fcber Ihren Widerruf dieses Vertrags bei uns eingegangen ist.&nbsp;F\u00fcr diese R\u00fcckzahlung verwenden wir dasselbe Zahlungsmittel, das Sie bei der urspr\u00fcnglichen Transaktion eingesetzt haben, es sei denn, mit Ihnen wurde ausdr\u00fccklich etwas anderes vereinbart; in keinem Fall werden Ihnen wegen dieser R\u00fcckzahlung Entgelte berechnet.<\/p><p>Haben Sie verlangt, dass die Dienstleistungen w\u00e4hrend der Widerrufsfrist beginnen soll, so haben Sie uns einen angemessenen Betrag zu zahlen, der dem Anteil der bis zu dem Zeitpunkt, zu dem Sie uns von der Aus\u00fcbung des Widerrufsrechts hinsichtlich dieses Vertrags unterrichten, bereits erbrachten Dienstleistungen im Vergleich zum Gesamtumfang der im Vertrag vorgesehenen Dienstleistungen entspricht.<\/p><p>Bitte beachten Sie, dass es einige gesetzliche Ausnahmen vom Widerrufsrecht gibt und daher einige Artikel nicht zur\u00fcckgegeben oder umgetauscht werden k\u00f6nnen. &nbsp;Wir werden Ihnen mitteilen, ob dies in Ihrem speziellen Fall zutrifft.<\/p><h2>10. Von Ihnen eingestellter Inhalt<\/h2><p>Wir k\u00f6nnen auf unserer Website verschiedene offene Kommunikationstools bereitstellen, z. B. Blog-Kommentare, Blog-Beitr\u00e4ge, Foren, Message Boards, Bewertungen und Rezensionen sowie verschiedene Social-Media-Dienste.&nbsp;Es kann sein, dass es f\u00fcr uns nicht m\u00f6glich ist, alle Inhalte, die Sie oder andere auf oder \u00fcber unsere Website teilen oder \u00fcbermitteln, zu \u00fcberpr\u00fcfen oder zu \u00fcberwachen.&nbsp;Wir behalten uns jedoch das Recht vor, den Inhalt zu \u00fcberpr\u00fcfen und die Nutzung und Aktivit\u00e4t unserer Website zu \u00fcberwachen sowie Inhalte nach eigenem Ermessen zu entfernen oder abzulehnen.&nbsp;Durch das Einstellen von Informationen oder die anderweitige Nutzung der genannten offenen Kommunikationsmittel erkl\u00e4ren Sie sich damit einverstanden, dass Ihre Inhalte mit diesen Allgemeinen Gesch\u00e4ftsbedingungen \u00fcbereinstimmen und nicht rechtswidrig oder ungesetzlich sind oder die gesetzlichen Rechte anderer Personen verletzen.<\/p><h2>11. Ideeneinreichung<\/h2><p>Reichen Sie keine Ideen, Erfindungen, Werke oder andere Informationen ein, die als Ihr eigenes geistiges Eigentum angesehen werden k\u00f6nnen und die Sie uns pr\u00e4sentieren m\u00f6chten, es sei denn, wir haben zuvor eine Vereinbarung \u00fcber das geistige Eigentum oder eine Geheimhaltungsvereinbarung unterzeichnet.&nbsp;Wenn Sie uns Ihre Inhalte ohne eine solche schriftliche Zustimmung zur Verf\u00fcgung stellen, gew\u00e4hren Sie uns eine weltweite, unwiderrufliche, nicht-exklusive und geb\u00fchrenfreie Lizenz zur Nutzung, Reproduktion, Speicherung, Anpassung, Ver\u00f6ffentlichung, \u00dcbersetzung und Verbreitung Ihrer Inhalte in allen bestehenden oder zuk\u00fcnftigen Medien.<\/p><h2>12. Beendigung der Nutzung<\/h2><p>Wir k\u00f6nnen nach eigenem Ermessen den Zugriff auf die Website oder einen darauf befindlichen Service jederzeit vor\u00fcbergehend oder dauerhaft \u00e4ndern oder einstellen.&nbsp;Sie erkl\u00e4ren sich damit einverstanden, dass wir weder Ihnen noch Dritten gegen\u00fcber f\u00fcr eine solche \u00c4nderung, Aussetzung oder Beendigung Ihres Zugriffs auf die Website oder die Nutzung der Website oder von Inhalten, die Sie auf der Website freigegeben haben, haften werden.&nbsp;Sie haben keinen Anspruch auf Entsch\u00e4digung oder andere Zahlungen, selbst wenn bestimmte Funktionen, Einstellungen und\/oder Inhalte, zu denen Sie beigetragen haben oder auf die Sie sich verlassen haben, dauerhaft verloren gehen.&nbsp;Sie d\u00fcrfen keine Zugangsbeschr\u00e4nkungsma\u00dfnahmen auf unserer Website umgehen oder umgehen oder versuchen, diese zu umgehen oder zu umgehen.<\/p><h2>13. Garantien und Haftung<\/h2><p>Durch nichts in diesem Abschnitt wird eine gesetzlich implizierte Garantie eingeschr\u00e4nkt oder ausgeschlossen, deren Einschr\u00e4nkung oder Ausschluss rechtswidrig w\u00e4re.&nbsp;Diese Website und alle Inhalte der Website werden \"wie sie sind\" und \"wie verf\u00fcgbar\" bereitgestellt und k\u00f6nnen Ungenauigkeiten oder Tippfehler enthalten.&nbsp;Wir lehnen ausdr\u00fccklich jegliche ausdr\u00fcckliche oder stillschweigende Gew\u00e4hrleistung jeglicher Art hinsichtlich der Verf\u00fcgbarkeit, Richtigkeit oder Vollst\u00e4ndigkeit des Inhalts ab.&nbsp;Wir \u00fcbernehmen keine Garantie daf\u00fcr, dass:<\/p><p><ul>\n\t\t\t\t<li>dass diese Website oder unsere Produkte oder Dienstleistungen Ihren Anforderungen entsprechen;<\/li>\n\t\t\t\t<li>Diese Website wird ununterbrochen, zeitnah, sicher oder fehlerfrei verf\u00fcgbar sein;<\/li>\n\t\t\t\t<li>die Qualit\u00e4t der Produkte oder Dienstleistungen, die Sie \u00fcber diese Website erwerben oder erhalten, Ihren Erwartungen entspricht.<\/li>\n\t\t\t<\/ul><\/p><p>Nichts auf dieser Website stellt eine rechtliche, finanzielle oder medizinische Beratung jeglicher Art dar oder soll diese darstellen.&nbsp;Wenn Sie einen Rat ben\u00f6tigen, sollten Sie sich an einen entsprechenden Fachmann wenden.<\/p><p>Die folgenden Bestimmungen dieses Abschnitts gelten im gesetzlich zul\u00e4ssigen H\u00f6chstma\u00df und schr\u00e4nken unsere Haftung in Bezug auf Angelegenheiten, die f\u00fcr uns rechtswidrig oder rechtswidrig w\u00e4ren, unsere Haftung einzuschr\u00e4nken oder auszuschlie\u00dfen, nicht ein oder aus.&nbsp;In keinem Fall haften wir f\u00fcr direkte oder indirekte Sch\u00e4den (einschlie\u00dflich Sch\u00e4den aufgrund von Gewinn- oder Umsatzverlusten, Verlust oder Besch\u00e4digung von Daten, Software oder Datenbanken oder Verlust oder Besch\u00e4digung von Eigentum oder Daten), die Ihnen oder Dritten durch den Zugriff auf unsere Website oder deren Nutzung entstehen.<\/p><p>Sofern in einem Zusatzvertrag nicht ausdr\u00fccklich etwas anderes festgelegt ist, ist unsere maximale Haftung Ihnen gegen\u00fcber f\u00fcr alle Sch\u00e4den, die sich aus oder im Zusammenhang mit der Website oder den \u00fcber die Website vermarkteten oder verkauften Produkten und Dienstleistungen ergeben, unabh\u00e4ngig von der Form der Rechtshandlung, die die Haftung auferlegt (ob aus Vertrag, Billigkeit, Fahrl\u00e4ssigkeit, beabsichtigtem Verhalten, unerlaubter Handlung oder anderweitig), auf \u20ac 99 begrenzt.&nbsp;Eine solche Begrenzung gilt f\u00fcr alle Ihre Anspr\u00fcche, Klagen und Klagegr\u00fcnde jeglicher Art und Natur.<\/p><h2>14. Datenschutz<\/h2><p>Um Zugang zu unserer Website und\/oder unseren Diensten zu erhalten, werden Sie m\u00f6glicherweise aufgefordert, im Rahmen des Registrierungsprozesses bestimmte Angaben zu Ihrer Person zu machen.&nbsp;Sie erkl\u00e4ren sich damit einverstanden, dass alle von Ihnen bereitgestellten Informationen immer genau, korrekt und aktuell sind.<\/p><p>Wir nehmen Ihre pers\u00f6nlichen Daten ernst und verpflichten uns, Ihre Privatsph\u00e4re zu sch\u00fctzen.&nbsp;Wir werden Ihre E-Mail-Adresse nicht f\u00fcr unaufgeforderte Post verwenden.&nbsp;Alle von uns an Sie gesendeten E-Mails stehen ausschlie\u00dflich im Zusammenhang mit der Bereitstellung der vereinbarten Produkte oder Dienstleistungen.<\/p><p>Wir haben eine Richtlinie entwickelt, um etwaige Bedenken hinsichtlich des Datenschutzes auszur\u00e4umen.&nbsp;For more information, please see our <a href=\"https:\/\/www.italiadelight.it\/blog\/de\/eu-datenschutzerklarung\/?cmplz_region_redirect=true\">Privacy Statement<\/a> and our <a href=\"https:\/\/www.italiadelight.it\/blog\/de\/eu-cookie-richtlinie\/?cmplz_region_redirect=true\">Cookie-Richtlinie<\/a>.<\/p><h2>15. Exportbeschr\u00e4nkungen \/ Einhaltung von Gesetzen<\/h2><p>Der Zugriff auf die Website aus Gebieten oder L\u00e4ndern, in denen der Inhalt oder Kauf der auf der Website verkauften Produkte oder Dienstleistungen illegal ist, ist verboten.&nbsp;Sie d\u00fcrfen diese Website nicht unter Verletzung der Exportgesetze und -vorschriften von Italien nutzen.<\/p><h2>16. Partnerschafts-Marketing<\/h2><p>\u00dcber diese Website k\u00f6nnen wir Partnerschafts-Marketing betreiben, wobei wir einen Prozentsatz oder eine Provision f\u00fcr den Verkauf von Dienstleistungen oder Produkten auf oder \u00fcber diese Website erhalten.&nbsp;Wir k\u00f6nnen auch Sponsoring oder andere Formen der Werbeverg\u00fctung von Unternehmen akzeptieren.&nbsp;Diese Offenlegung soll den gesetzlichen Anforderungen in Bezug auf Marketing und Werbung entsprechen, die m\u00f6glicherweise gelten, wie z. B. den Regeln der US-amerikanischen Federal Trade Commission.<\/p><h2>17. Zuordnung<\/h2><p>Sie sind nicht berechtigt, Ihre Rechte und\/oder Pflichten aus diesen Bedingungen ganz oder teilweise ohne unsere vorherige schriftliche Zustimmung an Dritte abzutreten, zu \u00fcbertragen oder unterzuvergeben.&nbsp;Jede angebliche Abtretung, die gegen diesen Abschnitt verst\u00f6\u00dft, ist null und nichtig.<\/p><h2>18. Verst\u00f6\u00dfe gegen diese Allgemeinen Gesch\u00e4ftsbedingungen<\/h2><p>Unbeschadet unserer sonstigen Rechte im Rahmen dieser Allgemeinen Gesch\u00e4ftsbedingungen k\u00f6nnen wir im Falle eines Versto\u00dfes gegen diese Allgemeinen Gesch\u00e4ftsbedingungen die uns angemessen erscheinenden Ma\u00dfnahmen ergreifen, einschlie\u00dflich der vor\u00fcbergehenden oder dauerhaften Sperrung Ihres Zugriffs auf die Website, der Kontaktaufnahme mit Ihrem Internet-Provider, damit dieser Ihren Zugriff auf die Website sperrt, und\/oder der Einleitung rechtlicher Schritte gegen Sie.<\/p><h2>19. Entsch\u00e4digung<\/h2><p>Sie erkl\u00e4ren sich damit einverstanden, uns zu entsch\u00e4digen, zu verteidigen und schadlos zu halten von allen Anspr\u00fcchen, Haftungen, Sch\u00e4den, Verlusten und Ausgaben, die sich aus der Verletzung dieser Bedingungen und der geltenden Gesetze ergeben, einschlie\u00dflich der Rechte an geistigem Eigentum und der Datenschutzrechte.&nbsp;Sie entsch\u00e4digen uns unverz\u00fcglich f\u00fcr unsere Sch\u00e4den, Verluste, Kosten und Ausgaben, die sich aus solchen Anspr\u00fcchen ergeben.<\/p><h2>20. Verzicht<\/h2><p>Das Vers\u00e4umnis, eine der Bestimmungen dieser Allgemeinen Gesch\u00e4ftsbedingungen und einer Vereinbarung durchzusetzen, oder das Vers\u00e4umnis, eine K\u00fcndigungsoption auszu\u00fcben, gilt nicht als Verzicht auf diese Bestimmungen und ber\u00fchrt nicht die G\u00fcltigkeit dieser Allgemeinen Gesch\u00e4ftsbedingungen oder einer dieser Vereinbarungen oder ein Teil davon oder das Recht danach, jede einzelne Bestimmung durchzusetzen.<\/p><h2>21. Sprache<\/h2><p>Diese Allgemeinen Gesch\u00e4ftsbedingungen werden ausschlie\u00dflich in Italienische interpretiert und ausgelegt.&nbsp;Alle Mitteilungen und Korrespondenzen werden ausschlie\u00dflich in dieser Sprache verfasst.<\/p><h2>22. Komplette Vereinbarung<\/h2><p>These Terms and Conditions, together with our <a href=\"https:\/\/www.italiadelight.it\/blog\/de\/eu-datenschutzerklarung\/?cmplz_region_redirect=true\">privacy statement<\/a> and <a href=\"https:\/\/www.italiadelight.it\/blog\/de\/eu-cookie-richtlinie\/?cmplz_region_redirect=true\">cookie policy<\/a>, constitute the entire agreement between you and G Tech Group S.R.L.S. in relation to your use of this website.<\/p><h2>23. Aktualisierung dieser Allgemeinen Gesch\u00e4ftsbedingungen<\/h2><p>Wir k\u00f6nnen diese Allgemeinen Gesch\u00e4ftsbedingungen von Zeit zu Zeit aktualisieren.&nbsp;Das zu Beginn dieser Allgemeinen Gesch\u00e4ftsbedingungen angegebene Datum ist das letzte \u00dcberarbeitungsdatum.&nbsp;Wir werden Sie schriftlich \u00fcber alle \u00c4nderungen oder Aktualisierungen informieren, und die \u00fcberarbeiteten Bedingungen treten ab dem Datum in Kraft, an dem wir Ihnen eine solche Mitteilung zukommen lassen.&nbsp;Ihre fortgesetzte Nutzung dieser Website nach der Ver\u00f6ffentlichung von \u00c4nderungen oder Aktualisierungen gilt als Ihre Zustimmung, diese Bedingungen einzuhalten und an sie gebunden zu sein.&nbsp;Um eine fr\u00fchere Version dieser Allgemeinen Gesch\u00e4ftsbedingungen anzufordern, kontaktiere uns bitte.<\/p><h2>24. Rechtswahl und Gerichtsstand<\/h2><p>Diese Allgemeinen Gesch\u00e4ftsbedingungen unterliegen den Gesetzen von Italien.&nbsp;F\u00fcr alle Streitigkeiten im Zusammenhang mit diesen Allgemeinen Gesch\u00e4ftsbedingungen sind die Gerichte von Italien zust\u00e4ndig.&nbsp;Wenn ein Teil oder eine Bestimmung dieser Allgemeinen Gesch\u00e4ftsbedingungen von einem Gericht oder einer anderen Beh\u00f6rde als ung\u00fcltig und \/ oder nach geltendem Recht nicht durchsetzbar befunden wird, wird dieser Teil oder diese Bestimmung im maximal zul\u00e4ssigen Umfang ge\u00e4ndert, gel\u00f6scht und \/ oder durchgesetzt die Absicht dieser Allgemeinen Gesch\u00e4ftsbedingungen verwirklicht.&nbsp;Die \u00fcbrigen Bestimmungen bleiben unber\u00fchrt.<\/p><h2>25. Kontaktinformationen<\/h2><p>Diese Website geh\u00f6rt und wird betrieben von G Tech Group S.R.L.S. .<\/p><p>Sie k\u00f6nnen uns bez\u00fcglich dieser Gesch\u00e4ftsbedingungen schriftlich oder per E-Mail an die folgende Adresse kontaktieren: su&#112;p&#111;r&#116;&#064;g&#116;&#101;c&#104;g&#114;oup&#046;i&#116;<br>Via di Gagia 22, 38086 Giustino (TN)<\/p><h2>26. Download<\/h2><p>You can also <a href=\"https:\/\/www.italiadelight.it\/blog\/wp-content\/plugins\/complianz-terms-conditions\/download.php\">download<\/a> our Terms and Conditions as a PDF.<\/p><\/div>","protected":false},"excerpt":{"rendered":"","protected":false},"author":1,"featured_media":0,"parent":0,"menu_order":0,"comment_status":"closed","ping_status":"closed","template":"","meta":{"_acf_changed":false,"_seopress_robots_primary_cat":"","_seopress_titles_title":"","_seopress_titles_desc":"","_seopress_robots_index":"","_daim_seo_power":"","_daim_enable_ail":"","footnotes":""},"class_list":["post-7939","page","type-page","status-publish"],"acf":[],"_links":{"self":[{"href":"https:\/\/www.italiadelight.it\/blog\/de\/wp-json\/wp\/v2\/pages\/7939","targetHints":{"allow":["GET"]}}],"collection":[{"href":"https:\/\/www.italiadelight.it\/blog\/de\/wp-json\/wp\/v2\/pages"}],"about":[{"href":"https:\/\/www.italiadelight.it\/blog\/de\/wp-json\/wp\/v2\/types\/page"}],"author":[{"embeddable":true,"href":"https:\/\/www.italiadelight.it\/blog\/de\/wp-json\/wp\/v2\/users\/1"}],"replies":[{"embeddable":true,"href":"https:\/\/www.italiadelight.it\/blog\/de\/wp-json\/wp\/v2\/comments?post=7939"}],"version-history":[{"count":0,"href":"https:\/\/www.italiadelight.it\/blog\/de\/wp-json\/wp\/v2\/pages\/7939\/revisions"}],"wp:attachment":[{"href":"https:\/\/www.italiadelight.it\/blog\/de\/wp-json\/wp\/v2\/media?parent=7939"}],"curies":[{"name":"wp","href":"https:\/\/api.w.org\/{rel}","templated":true}]}}