{"id":7935,"date":"2024-02-20T14:38:29","date_gmt":"2024-02-20T13:38:29","guid":{"rendered":"https:\/\/www.italiadelight.it\/dichiarazione-sulla-privacy-ue\/"},"modified":"2024-04-17T07:14:56","modified_gmt":"2024-04-17T05:14:56","slug":"eu-datenschutzerklarung","status":"publish","type":"page","link":"https:\/\/www.italiadelight.it\/blog\/de\/dichiarazione-sulla-privacy-ue\/","title":{"rendered":"Erkl\u00e4rung zum Datenschutz (EU)"},"content":{"rendered":"<!-- Legal document generated by Complianz | GDPR\/CCPA Cookie Consent https:\/\/wordpress.org\/plugins\/complianz-gdpr -->\n<div id=\"cmplz-document\" class=\"cmplz-document privacy-statement cmplz-document-eu\"><p><i>Diese Datenschutzerkl\u00e4rung wurde zuletzt am 9 Oktober 2025 aktualisiert und gilt f\u00fcr B\u00fcrger und Personen mit st\u00e4ndigem Wohnsitz im Europ\u00e4ischen Wirtschaftsraum und der Schweiz.<\/i><br \/><br \/><\/p><p><p>In dieser Datenschutzerkl\u00e4rung erkl\u00e4ren wir, wie wir mit den Daten umgehen, die wir \u00fcber <a href=\"https:\/\/www.italiadelight.it\/blog\/de\">https:\/\/www.italiadelight.it\/blog\/de<\/a> von Ihnen erhalten. Wir empfehlen Ihnen, diese Erkl\u00e4rung sorgf\u00e4ltig zu lesen. Bei unserer Verarbeitung beachten wir die datenschutzrechtlichen Bestimmungen. Das bedeutet unter anderem, dass:<\/p><ul>\n                <li>wir geben deutlich an, zu welchen Zwecken wir personenbezogene Daten verarbeiten. Wir tun dies mit Hilfe dieser Datenschutzerkl\u00e4rung;<\/li>\n                <li>wir sind bestrebt, unsere Erhebung personenbezogener Daten nur auf die zu legitimen Zwecken erforderlichen personenbezogenen Daten zu beschr\u00e4nken;<\/li>\n                <li>in F\u00e4llen, in denen Ihre Zustimmung erforderlich ist, bitten wir Sie zun\u00e4chst um Ihre ausdr\u00fcckliche Zustimmung zur Verarbeitung Ihrer personenbezogenen Daten;<\/li>\n                <li>wir ergreifen geeignete Sicherheitsma\u00dfnahmen, um Ihre pers\u00f6nlichen Daten zu sch\u00fctzen und fordern dies auch von den Parteien an, die pers\u00f6nliche Daten in unserem Namen verarbeiten;<\/li>\n                <li>wir respektieren Ihr Recht, auf Ihre pers\u00f6nlichen Daten zuzugreifen oder sie auf Ihre Aufforderung hin berichtigen oder l\u00f6schen zu lassen.<\/li>\n            <\/ul><p>Wenn Sie Fragen haben oder genau wissen m\u00f6chten, welche Daten wir von Ihnen aufbewahren, kontaktieren Sie uns bitte.<\/p><\/p><h2>1. Zweck, Daten und Aufbewahrungsdauer<\/h2>Wir k\u00f6nnen personenbezogene Daten f\u00fcr eine Reihe von Zwecken im Zusammenhang mit unserem Gesch\u00e4ftsbetrieb erfassen oder erhalten, zu denen die folgenden geh\u00f6ren k\u00f6nnen: (zum Erweitern anklicken)<details class=\"cmplz-dropdown dropdown-privacy-statement\"><summary><div><h3>1.1 Kontakt - z. B. \u00fcber Telefon, Postanschrift, E-Mail und \/ oder Webformulare<\/h3><\/div><\/summary><p class=\"cmplz-subtitle\">Zu diesem Zweck verwenden wir folgende Daten:<\/p><p><ul><li>Ein Vor- und Nachname<\/li><li>E-Mail-Adresse<\/li><li>Eine Telefonnummer<\/li><\/ul><\/p><p class=\"cmplz-subtitle\">Die Grundlage, auf der wir diese Daten verarbeiten k\u00f6nnen, ist:<\/p><p><a target=\"_blank\" rel=\"noopener nofollow\" href=\"https:\/\/cookiedatabase.org\/legal-bases\/#consent\">Nach Erteilung der Zustimmung.<\/a><\/p><p class=\"cmplz-subtitle\">Aufbewahrungszeitraum<\/p><p>Wir bewahren diese Daten bei Beendigung des Dienstes f\u00fcr die folgende Anzahl von Monaten auf: 48<\/p><\/details><details class=\"cmplz-dropdown dropdown-privacy-statement\"><summary><div><h3>1.2 Zahlungen<\/h3><\/div><\/summary><p class=\"cmplz-subtitle\">Zu diesem Zweck verwenden wir folgende Daten:<\/p><p><ul><li>Ein Vor- und Nachname<\/li><li>E-Mail-Adresse<\/li><li>Eine Telefonnummer<\/li><li>Ein Haus oder eine andere physikalische Adresse, einschlie\u00dflich Stra\u00dfenname und Name einer Stadt oder eines Ortes<\/li><\/ul><\/p><p class=\"cmplz-subtitle\">Die Grundlage, auf der wir diese Daten verarbeiten k\u00f6nnen, ist:<\/p><p><a target=\"_blank\" rel=\"noopener nofollow\" href=\"https:\/\/cookiedatabase.org\/legal-bases\/#consent\">Nach Erteilung der Zustimmung.<\/a><\/p><p class=\"cmplz-subtitle\">Aufbewahrungszeitraum<\/p><p>Wir bewahren diese Daten bei Beendigung des Dienstes f\u00fcr die folgende Anzahl von Monaten auf: 48<\/p><\/details><details class=\"cmplz-dropdown dropdown-privacy-statement\"><summary><div><h3>1.3 Registrierung eines Kontos<\/h3><\/div><\/summary><p class=\"cmplz-subtitle\">Zu diesem Zweck verwenden wir folgende Daten:<\/p><p><ul><li>Ein Vor- und Nachname<\/li><li>E-Mail-Adresse<\/li><\/ul><\/p><p class=\"cmplz-subtitle\">Die Grundlage, auf der wir diese Daten verarbeiten k\u00f6nnen, ist:<\/p><p><a target=\"_blank\" rel=\"noopener nofollow\" href=\"https:\/\/cookiedatabase.org\/legal-bases\/#consent\">Nach Erteilung der Zustimmung.<\/a><\/p><p class=\"cmplz-subtitle\">Aufbewahrungszeitraum<\/p><p>Wir bewahren diese Daten bei Beendigung des Dienstes f\u00fcr die folgende Anzahl von Monaten auf: 48<\/p><\/details><details class=\"cmplz-dropdown dropdown-privacy-statement\"><summary><div><h3>1.4 Newsletter<\/h3><\/div><\/summary><p class=\"cmplz-subtitle\">Zu diesem Zweck verwenden wir folgende Daten:<\/p><p><ul><li>E-Mail-Adresse<\/li><\/ul><\/p><p class=\"cmplz-subtitle\">Die Grundlage, auf der wir diese Daten verarbeiten k\u00f6nnen, ist:<\/p><p><a target=\"_blank\" rel=\"noopener nofollow\" href=\"https:\/\/cookiedatabase.org\/legal-bases\/#consent\">Nach Erteilung der Zustimmung.<\/a><\/p><p class=\"cmplz-subtitle\">Aufbewahrungszeitraum<\/p><p>Wir bewahren diese Daten bei Beendigung des Dienstes f\u00fcr die folgende Anzahl von Monaten auf: 48<\/p><\/details><details class=\"cmplz-dropdown dropdown-privacy-statement\"><summary><div><h3>1.5 Unterst\u00fctzung f\u00fcr Dienstleistungen oder Produkte, die ein Kunde kaufen m\u00f6chte oder gekauft hat<\/h3><\/div><\/summary><p class=\"cmplz-subtitle\">Zu diesem Zweck verwenden wir folgende Daten:<\/p><p><ul><li>Ein Vor- und Nachname<\/li><li>E-Mail-Adresse<\/li><li>Eine Telefonnummer<\/li><li>IP-Adresse<\/li><li>Ein Haus oder eine andere physikalische Adresse, einschlie\u00dflich Stra\u00dfenname und Name einer Stadt oder eines Ortes<\/li><\/ul><\/p><p class=\"cmplz-subtitle\">Die Grundlage, auf der wir diese Daten verarbeiten k\u00f6nnen, ist:<\/p><p><a target=\"_blank\" rel=\"noopener nofollow\" href=\"https:\/\/cookiedatabase.org\/legal-bases\/#consent\">Nach Erteilung der Zustimmung.<\/a><\/p><p class=\"cmplz-subtitle\">Aufbewahrungszeitraum<\/p><p>Wir bewahren diese Daten bei Beendigung des Dienstes f\u00fcr die folgende Anzahl von Monaten auf: 48<\/p><\/details><h2>2. Cookies<\/h2><p>Um Ihnen die besten Leistungen anbieten zu k\u00f6nnen, verwenden wir und unsere Partner Technologien wie Cookies, um Ger\u00e4teinformationen zu speichern und\/oder darauf zuzugreifen. Wenn Sie diesen Technologien zustimmen, k\u00f6nnen wir und unsere Partner personenbezogene Daten wie das Surfverhalten oder eindeutige IDs auf dieser Website verarbeiten. Wenn Sie Ihre Zustimmung nicht erteilen oder widerrufen, k\u00f6nnen bestimmte Funktionen beeintr\u00e4chtigt werden. Weitere Informationen \u00fcber diese Technologien und Partner finden Sie in unserer <a href=\"https:\/\/www.italiadelight.it\/blog\/de\/cookie-policy-ue\/\">Cookie-Richtlinie<\/a>.&nbsp;<\/p><h2>3. Offenlegungspraktiken<\/h2><p><p>Wir legen personenbezogene Daten offen, wenn wir gesetzlich oder per Gerichtsbeschluss dazu verpflichtet sind, z. B. auf Anforderung einer Strafverfolgungsbeh\u00f6rde, soweit dies im Rahmen der gesetzlichen Bestimmungen zul\u00e4ssig ist, um Ausk\u00fcnfte zu erteilen, oder f\u00fcr eine Untersuchung in einer Angelegenheit, die die \u00f6ffentliche Sicherheit betrifft.<\/p><p>Wenn unsere Website oder unser Unternehmen im Rahmen einer Fusion oder \u00dcbernahme \u00fcbernommen oder verkauft wird, k\u00f6nnen Ihre Daten unseren Beratern und potenziellen K\u00e4ufern offengelegt und an die neuen Eigent\u00fcmer \u00fcbermittelt werden.<\/p><\/p><p>G Tech Group S.R.L.S. beteiligt sich am IAB Europe Transparency &amp; Consent Framework und h\u00e4lt sich an dessen Spezifikationen und Richtlinien. Es nutzt die Plattform zur Verwaltung von Zustimmungen mit der Identifikationsnummer 332.&nbsp;<\/p><p>Wir haben eine Datenverarbeitungsvereinbarung mit Google geschlossen.<\/p><p>Google darf die Daten nicht f\u00fcr andere Google-Dienste verwenden.<\/p><p>Die Angabe vollst\u00e4ndiger IP-Adressen wird von uns gesperrt.<\/p><h2>4. Sicherheit<\/h2><p>Wir verpflichten uns zur Sicherheit personenbezogener Daten. Wir ergreifen geeignete Sicherheitsma\u00dfnahmen, um den Missbrauch und den unbefugten Zugriff auf personenbezogene Daten zu begrenzen. Dies stellt sicher, dass nur die erforderlichen Personen Zugriff auf Ihre Daten haben, dass der Zugriff auf die Daten gesch\u00fctzt ist und dass unsere Sicherheitsma\u00dfnahmen regelm\u00e4\u00dfig \u00fcberpr\u00fcft werden.<\/p><p>Die von uns verwendeten Sicherheitsma\u00dfnahmen bestehen aus:<\/p><p><ul><li>DKIM, SPF, DMARC und andere spezifische DNS-Einstellungen<\/li><li>Anmeldesicherheit<\/li><li>(START) TLS \/ SSL \/ DANE-Verschl\u00fcsselung<\/li><li>Website-H\u00e4rtung\/Sicherheitsfunktionen<\/li><\/ul><\/p><h2>5. Websites von Drittanbietern<\/h2><p>Diese Datenschutzerkl\u00e4rung gilt nicht f\u00fcr Websites Dritter, die durch Links auf unserer Website verbunden sind. Wir k\u00f6nnen nicht garantieren, dass diese Dritten Ihre personenbezogenen Daten auf zuverl\u00e4ssige oder sichere Weise behandeln. Wir empfehlen Ihnen, die Datenschutzerkl\u00e4rungen dieser Websites zu lesen, bevor Sie diese Websites nutzen.<\/p><h2>6. \u00c4nderungen dieser Datenschutzerkl\u00e4rung<\/h2><p>Wir behalten uns das Recht vor, \u00c4nderungen an dieser Datenschutzerkl\u00e4rung vorzunehmen. Es wird empfohlen, diese Datenschutzerkl\u00e4rung regelm\u00e4\u00dfig zu lesen, um \u00fcber \u00c4nderungen informiert zu sein. Dar\u00fcber hinaus werden wir Sie nach M\u00f6glichkeit aktiv informieren.<\/p><h2>7. Zugriff auf und \u00c4nderung Ihrer Daten<\/h2><p>Wenn Sie Fragen haben oder wissen m\u00f6chten, welche personenbezogenen Daten wir \u00fcber Sie haben, wenden Sie sich bitte an uns. Sie k\u00f6nnen uns unter Verwendung der folgenden Informationen kontaktieren. Sie haben folgende Rechte:<\/p><ul>\n                <li>Sie haben das Recht zu erfahren, warum Ihre personenbezogenen Daten ben\u00f6tigt werden, was damit passiert und wie lange sie aufbewahrt werden.<\/li>\n                <li>Auskunftsrecht: Sie haben das Recht, auf Ihre uns bekannten personenbezogenen Daten zuzugreifen.<\/li>\n                <li>Recht auf Berichtigung: Sie haben jederzeit das Recht, Ihre personenbezogenen Daten zu erg\u00e4nzen, zu berichtigen, zu l\u00f6schen oder zu sperren.<\/li>\n                <li>Wenn Sie uns Ihre Einwilligung zur Verarbeitung Ihrer Daten erteilen, haben Sie das Recht, diese Einwilligung zu widerrufen und Ihre personenbezogenen Daten l\u00f6schen zu lassen.<\/li>\n                <li>Recht zur \u00dcbermittlung Ihrer Daten: Sie haben das Recht, alle Ihre personenbezogenen Daten vom f\u00fcr die Verarbeitung Verantwortlichen anzufordern und vollst\u00e4ndig an einen anderen f\u00fcr die Verarbeitung Verantwortlichen zu \u00fcbermitteln.<\/li>\n                <li>Widerspruchsrecht: Sie k\u00f6nnen der Verarbeitung Ihrer Daten widersprechen. Wir halten uns daran, es sei denn, es liegen berechtigte Gr\u00fcnde f\u00fcr die Bearbeitung vor.<\/li>\n            <\/ul><p>Bitte geben Sie immer deutlich an, wer Sie sind, damit wir sicher sein k\u00f6nnen, dass wir keine Daten der falschen Person \u00e4ndern oder l\u00f6schen.<\/p><h2>8. Einreichen einer Beschwerde<\/h2><p>Wenn Sie mit der Art und Weise, wie wir mit der Verarbeitung Ihrer personenbezogenen Daten umgehen, nicht zufrieden sind, haben Sie das Recht, eine Beschwerde bei der Datenschutzbeh\u00f6rde einzureichen.<\/p><h2>9. Kontaktdetails<\/h2><p>G Tech Group S.R.L.S.<br \/>\n        Via di Gagia 22, 38086 Giustino (TN)<br \/>\n        Italien<br \/>\n        Website: <a href=\"https:\/\/www.italiadelight.it\/blog\/de\">https:\/\/www.italiadelight.it\/blog\/de<\/a> <br \/>\n        E-Mail: <span class=\"cmplz-obfuscate\">&#115;uppo&#114;&#116;@<span class=\"cmplz-fmail-domain\">ex.com<\/span>g&#116;&#101;&#099;&#104;&#103;r&#111;u&#112;.it<\/span> <br \/>\n        Phone number: 0465 84 62 45<\/p><h2>10. Datenanfragen<\/h2><p>F\u00fcr die am h\u00e4ufigsten gestellten Anfragen bieten wir Ihnen auch die M\u00f6glichkeit, unser Datenanfrageformular zu verwenden.<br \/>\t\t\t<div class=\"cmplz-datarequest cmplz-alert\">\n\t\t\t\t<span class=\"cmplz-close\">\u00d7<\/span>\n\t\t\t\t<span id=\"cmplz-message\"><\/span>\n\t\t\t<\/div>\n\t\t\t<form id=\"cmplz-datarequest-form\" action=\"\">\n\t\t\t\t<input type=\"hidden\" required value=\"eu\" name=\"cmplz_datarequest_region\" id=\"cmplz_datarequest_region\">\n\n\t\t\t\t<label for=\"cmplz_datarequest_firstname\" class=\"cmplz-first-name\">Name\t\t\t\t\t<input type=\"search\" class=\"datarequest-firstname\" value=\"\" placeholder=\"Ihr Vorname\" id=\"cmplz_datarequest_firstname\" name=\"cmplz_datarequest_firstname\">\n\t\t\t\t<\/label>\n\t\t\t\t<div>\n\t\t\t\t\t<label for=\"cmplz_datarequest_name\">Name<\/label>\n\t\t\t\t\t<input type=\"text\" required value=\"\" placeholder=\"Ihr Name\" id=\"cmplz_datarequest_name\" name=\"cmplz_datarequest_name\">\n\t\t\t\t<\/div>\n\t\t\t\t<div>\n\t\t\t\t\t<label for=\"cmplz_datarequest_email\">E-Mail<\/label>\n\t\t\t\t\t<input type=\"email\" required value=\"\" placeholder=\"email@email.com\" id=\"cmplz_datarequest_email\" name=\"cmplz_datarequest_email\">\n\t\t\t\t<\/div>\n\t\t\t\t\t\t\t\t\t\t<div class=\"cmplz_datarequest cmplz_datarequest_request_for_access\">\n\t\t\t\t\t\t\t<label for=\"cmplz_datarequest_request_for_access\">\n\t\t\t\t\t\t\t\t<input type=\"checkbox\" value=\"1\" name=\"cmplz_datarequest_request_for_access\" id=\"cmplz_datarequest_request_for_access\" \/>\n\t\t\t\t\t\t\t\tStellen Sie eine Anfrage auf Zugang zu den Daten, die wir \u00fcber Sie verarbeiten.\t\t\t\t\t\t\t<\/label>\n\t\t\t\t\t\t<\/div>\n\t\t\t\t\t\t\t\t\t\t<div class=\"cmplz_datarequest cmplz_datarequest_right_to_be_forgotten\">\n\t\t\t\t\t\t\t<label for=\"cmplz_datarequest_right_to_be_forgotten\">\n\t\t\t\t\t\t\t\t<input type=\"checkbox\" value=\"1\" name=\"cmplz_datarequest_right_to_be_forgotten\" id=\"cmplz_datarequest_right_to_be_forgotten\" \/>\n\t\t\t\t\t\t\t\tStellen Sie eine Anfrage zur L\u00f6schung der Daten, wenn diese nicht mehr relevant sind.\t\t\t\t\t\t\t<\/label>\n\t\t\t\t\t\t<\/div>\n\t\t\t\t\t\t\t\t\t\t<div class=\"cmplz_datarequest cmplz_datarequest_right_to_data_portability\">\n\t\t\t\t\t\t\t<label for=\"cmplz_datarequest_right_to_data_portability\">\n\t\t\t\t\t\t\t\t<input type=\"checkbox\" value=\"1\" name=\"cmplz_datarequest_right_to_data_portability\" id=\"cmplz_datarequest_right_to_data_portability\" \/>\n\t\t\t\t\t\t\t\tStellen Sie eine Anfrage, um eine Exportdatei der Daten zu erhalten, die wir \u00fcber Sie verarbeiten.\t\t\t\t\t\t\t<\/label>\n\t\t\t\t\t\t<\/div>\n\t\t\t\t\t\t\t\t<input type=\"button\" id=\"cmplz-datarequest-submit\" value=\"Senden\">\n\t\t\t<input type=\"hidden\" name=\"trp-form-language\" value=\"de\"\/><\/form>\n\n\t\t\t<style>\n\t\t\t\t\/* first-name is honeypot *\/\n\t\t\t\t.cmplz-first-name {\n\t\t\t\t\tposition: absolute !important;\n\t\t\t\t\tleft: -5000px !important;\n\t\t\t\t}\n\t\t\t<\/style>\n\t\t\t<\/p><h2>Anhang<\/h2><p><h2>WooCommerce<\/h2><p>Diese Mustersprache enth\u00e4lt die grundlegenden Elemente zur Erhebung, Speicherung und Weitergabe personenbezogener Daten sowie zu den Personen, die zum Zugriff auf diese Daten berechtigt sind. Je nach den aktivierten Einstellungen und den zus\u00e4tzlich verwendeten Plugins k\u00f6nnen die spezifischen Informationen, die von unserem Shop weitergegeben werden, variieren. Wir empfehlen Ihnen, einen Anwalt zu konsultieren, wenn Sie entscheiden, welche Informationen Sie in Ihrer Datenschutzrichtlinie offenlegen wollen.<\/p><p>W\u00e4hrend des Zahlungsvorgangs in unserem Shop sammeln wir Informationen \u00fcber Sie.<\/p><h2>Was wir sammeln und speichern<\/h2><p>Wenn Sie unsere Website besuchen, verfolgen wir das:<\/p><ul><li>Produkte, die Sie sich angesehen haben: Wir verwenden diese Informationen, um Ihnen zum Beispiel Produkte zu zeigen, die Sie sich k\u00fcrzlich angesehen haben.<\/li><li>Standort, IP-Adresse und Browsertyp: Wir verwenden diese Informationen f\u00fcr Steuer- und Versandsch\u00e4tzungen.<\/li><li>Lieferadresse: Wir werden Sie bitten, diese einzugeben, um beispielsweise die Versandkosten zu sch\u00e4tzen, bevor Sie Ihre Bestellung aufgeben, und um Ihnen das Gekaufte zu schicken!<\/li><\/ul><p>Wir verwenden Cookies auch, um den Inhalt Ihres Warenkorbs zu verfolgen, w\u00e4hrend Sie auf unserer Website surfen.<\/p><p>Hinweis: F\u00fcr weitere Details zu den Cookie-Richtlinien werden Sie hierher weitergeleitet.<\/p><p>Wenn Sie bei uns etwas kaufen, bitten wir Sie um Informationen wie Ihren Namen, Ihre Rechnungsadresse, Ihre Lieferadresse, Ihre E-Mail-Adresse, Ihre Telefonnummer, Ihre Kreditkartennummer\/Zahlungsdaten und optionale Kontoinformationen wie Ihren Benutzernamen und Ihr Passwort. Wir werden diese Informationen f\u00fcr folgende Zwecke verwenden:<\/p><ul><li>Wir senden Ihnen Konto- und Bestellinformationen<\/li><li>Wir reagieren auf Ihre Anfragen, einschlie\u00dflich Beschwerden und R\u00fcckerstattungen<\/li><li>Zahlungsabwicklung und Betrugspr\u00e4vention<\/li><li>Richten Sie Ihr Konto f\u00fcr unseren Shop ein<\/li><li>alle uns obliegenden gesetzlichen Verpflichtungen erf\u00fcllen, wie zum Beispiel die Berechnung von Steuern<\/li><li>Verbessern Sie unser Shopangebot<\/li><li>Versand von Marketingnachrichten, wenn Sie diese erhalten m\u00f6chten<\/li><\/ul><p>Wenn Sie ein Konto anlegen, speichern wir Ihren Namen, Ihre Adresse, Ihre E-Mail-Adresse und Ihre Telefonnummer: Diese Daten werden dann verwendet, um die Kasse bei Ihren zuk\u00fcnftigen Bestellungen zu f\u00fcllen.<\/p><p>Im Allgemeinen bewahren wir Ihre Daten so lange auf, wie wir sie f\u00fcr die Zwecke, f\u00fcr die wir sie erheben und verwenden, ben\u00f6tigen, und so lange, wie wir gesetzlich dazu verpflichtet sind. Zum Beispiel speichern wir Bestellinformationen f\u00fcr XXX Jahre f\u00fcr Steuer- und Buchhaltungszwecke. Zu diesen Informationen geh\u00f6ren Name, E-Mail-Adresse sowie Rechnungs- und Lieferadresse.<\/p><p>Wir speichern auch Kommentare und Bewertungen, wenn Sie diese bei uns hinterlassen m\u00f6chten.<\/p><h2>Personen in unserem Team, die Zugang haben<\/h2><p>Unsere Teammitglieder haben Zugriff auf die von Ihnen bereitgestellten Informationen. Zum Beispiel haben sowohl Administratoren als auch Shopmanager Zugriff auf:<\/p><ul><li>Bestellinformationen wie gekaufter Artikel, Kaufdatum und Versandort und<\/li><li>Kundeninformationen wie Ihr Name, Ihre E-Mail-Adresse sowie Rechnungs- und Versandinformationen.<\/li><\/ul><p>Unsere Teammitglieder haben Zugriff auf diese Informationen, um Bestellungen zu erf\u00fcllen, R\u00fcckerstattungen zu bearbeiten und Sie zu unterst\u00fctzen.<\/p><h2>Was wir mit anderen teilen<\/h2><p>In diesem Abschnitt m\u00fcssen Sie auflisten, mit wem Sie Daten teilen und zu welchem Zweck. Dies kann unter anderem Analysen, Marketing, Zahlungsgateways, Versandanbieter und die Einbindung von Dritten umfassen.<\/p><p>Wir geben Informationen an Dritte weiter, die uns bei der Bereitstellung von Shop-Diensten und bei Bestellungen helfen; zum Beispiel --<\/p><h3>Zahlungen<\/h3><p>In diesem Unterabschnitt m\u00fcssen Sie die Drittanbieter-Zahlungsabwickler auflisten, die Sie f\u00fcr Zahlungen in Ihrem Shop verwenden, da diese m\u00f6glicherweise Kundendaten verarbeiten. Wir haben PayPal als Beispiel angegeben, aber wenn Sie PayPal nicht verwenden, k\u00f6nnen Sie es entfernen.<\/p><p>Wir akzeptieren Zahlungen \u00fcber PayPal. W\u00e4hrend der Zahlungsabwicklung werden bestimmte Daten an PayPal \u00fcbertragen, darunter Informationen, die f\u00fcr die Bearbeitung oder Unterst\u00fctzung der Zahlung erforderlich sind, wie z.B. die Gesamtkaufsumme und die Rechnungsdaten.<\/p><p>Weitere Einzelheiten finden Sie in der <a href=\"https:\/\/www.paypal.com\/us\/webapps\/mpp\/ua\/privacy-full\">PayPal Datenschutzbestimmungen <\/a>.<\/p><h2>Complianz | Die Datenschutz-Suite f\u00fcr WordPress<\/h2><p>Diese Website verwendet die Privacy Suite f\u00fcr WordPress von Complianz, um Einverst\u00e4ndniserkl\u00e4rungen zu sammeln. F\u00fcr diese Funktion wird Ihre IP-Adresse anonymisiert und in unserer Datenbank gespeichert. Weitere Informationen finden Sie in der <a href=\"https:\/\/complianz.io\/privacy-statement\/\">Erkl\u00e4rung zum Datenschutz<\/a> von Complianz.<\/p><h2>Streifen<\/h2><p>Wenn Sie diese Erweiterung verwenden, k\u00f6nnen Sie pers\u00f6nliche Daten speichern oder Daten mit einem externen Dienst austauschen. <a href=\"https:\/\/woocommerce.com\/document\/privacy-payments\/#section-3\">Erfahren Sie mehr dar\u00fcber, wie es funktioniert und was in der Datenschutzerkl\u00e4rung stehen sollte.<\/a>.<\/p><h2>YITH-Plugin<\/h2><p>Dieses Beispiel enth\u00e4lt die Grundlagen zum Sammeln, Speichern und Weitergeben von pers\u00f6nlichen Daten sowie dazu, wer zum Zugriff auf diese Daten berechtigt ist. Je nach den aktivierten Einstellungen und den zus\u00e4tzlich verwendeten Erweiterungsmodulen k\u00f6nnen die spezifischen Informationen, die von unserem Shop weitergegeben werden, variieren. Wir empfehlen Ihnen, einen Anwalt zu konsultieren, wenn Sie entscheiden, welche Informationen Sie in Ihrer Datenschutzrichtlinie offenlegen wollen.<\/p><h2>Was wir sammeln und speichern<\/h2><p><strong>YITH WooCommerce Affiliates<\/strong><\/p><p>Wenn Sie unsere Website besuchen, werden wir Ihre Daten speichern:<\/p><ul><li>Shop-Besuche: Wir werden diese Daten verwenden, um Statistiken f\u00fcr Partner und Administratoren zu erstellen.<\/li><li>Standort, IP-Adresse und Browsertyp: Wir verwenden diese Daten nur f\u00fcr statistische Zwecke und um den Administratoren die M\u00f6glichkeit zu geben, den von den Partnern erzeugten Datenverkehr zu \u00fcberwachen.<\/li><li>Name des Affiliates, Benutzername, E-Mail-Adresse: Wir verwenden diese Informationen, um Affiliates zu registrieren und zu verfolgen.<\/li><\/ul><p>Wir verwenden Cookies, um Besuche und Verk\u00e4ufe von Partnern zu verfolgen.<\/p><p><strong>YITH WooCommerce Abonnement Premium<\/strong><\/p><p>Wenn Sie ein Abonnementprodukt kaufen, speichern wir die folgenden Informationen:<\/p><ul><li>Ihr Name, Ihre Adresse, Ihre E-Mail-Adresse, Ihre Telefonnummer und Ihre Rechnungsadresse werden zum Ausf\u00fcllen der Bestellung und der wiederkehrenden Bestellung verwendet.<\/li><li>Lieferadresse: Wir werden Sie bitten, diese einzugeben, um Ihnen die aktuelle Bestellung und wiederkehrende Bestellungen zuzusenden.<\/li><li>Standort, IP-Adresse und Browsertyp: Wir verwenden diese Angaben, um die Geb\u00fchren und den Versand abzusch\u00e4tzen.<\/li><\/ul><p>Wir werden diese Informationen f\u00fcr folgende Zwecke verwenden:<\/p><ul><li>Zusendung von Informationen zu Ihrem Abonnement<\/li><\/ul><p>Wir bewahren Ihre Daten im Allgemeinen so lange auf, wie es f\u00fcr die Zwecke, f\u00fcr die wir sie sammeln und verwenden, erforderlich ist, sofern wir nicht gesetzlich dazu verpflichtet sind, sie weiterhin aufzubewahren.<\/p><p>Wenn ein Abonnement zum Beispiel gel\u00f6scht wird, wird es nach xxx Monaten entfernt. Dazu geh\u00f6ren Ihr Name, Ihre E-Mail-Adresse sowie die Rechnungs- und Lieferadresse f\u00fcr das Abonnement.<\/p><h2>Personen in unserer Arbeitsgruppe, die Zugang haben<\/h2><p><strong>YITH WooCommerce Affiliates<\/strong><\/p><p>Unsere Teammitglieder haben Zugriff auf die von Ihnen bereitgestellten Informationen. Zum Beispiel haben sowohl Administratoren als auch Shopmanager Zugang zu:<\/p><ul><li>Pers\u00f6nliche Daten des Franchisenehmers;<\/li><li>Vom System generierte Provisionen;<\/li><li>Zahlungen an Tochtergesellschaften;<\/li><li>Durch Empfehlungslinks generierte Besuche und Verk\u00e4ufe.<\/li><\/ul><p>Unsere Teammitglieder haben Zugang zu diesen Informationen, um das Affiliate-System ordnungsgem\u00e4\u00df zu verwalten und die notwendigen Ma\u00dfnahmen zu ergreifen, um zu verhindern, dass Kunden das Affiliate-Programm in unangemessener Weise nutzen.<\/p><p><strong>YITH WooCommerce Abonnement Premium<\/strong><\/p><p>Unsere Teammitglieder haben Zugriff auf die von Ihnen bereitgestellten Informationen. Zum Beispiel k\u00f6nnen sowohl Administratoren als auch Shopmanager darauf zugreifen:<\/p><ul><li>Abonnementinformationen wie z.B. was gekauft wurde, wann es gekauft wurde und wohin es geschickt werden soll, Kundeninformationen wie z.B. Ihr Name, Ihre E-Mail-Adresse sowie Rechnungs- und Versandinformationen.<\/li><\/ul><p>Die Mitglieder unseres Teams haben Zugang zu diesen Informationen, um Bestellungen abzuschlie\u00dfen, R\u00fcckerstattungen zu bearbeiten und Ihnen Unterst\u00fctzung zu bieten.<\/p><h2>Was wir mit anderen teilen<\/h2><p><strong>YITH WooCommerce Affiliates<\/strong><\/p><p>Wir senden Zahlungen \u00fcber PayPal. W\u00e4hrend der Zahlungsabwicklung werden einige Ihrer Daten an PayPal gesendet, einschlie\u00dflich der Informationen, die f\u00fcr die Zahlungsabwicklung erforderlich sind, wie z.B. der ausgegebene Gesamtbetrag und die Zahlungsdetails.<\/p><p>Weitere Einzelheiten finden Sie in der<a href=\"https:\/\/www.paypal.com\/us\/webapps\/mpp\/ua\/privacy-full\">PayPal Datenschutzbestimmungen<\/a>.<\/p><\/p><\/div>","protected":false},"excerpt":{"rendered":"","protected":false},"author":1,"featured_media":0,"parent":0,"menu_order":0,"comment_status":"closed","ping_status":"closed","template":"","meta":{"_acf_changed":false,"_seopress_robots_primary_cat":"","_seopress_titles_title":"","_seopress_titles_desc":"","_seopress_robots_index":"","_daim_seo_power":"","_daim_enable_ail":"","footnotes":""},"class_list":["post-7935","page","type-page","status-publish"],"acf":[],"_links":{"self":[{"href":"https:\/\/www.italiadelight.it\/blog\/de\/wp-json\/wp\/v2\/pages\/7935","targetHints":{"allow":["GET"]}}],"collection":[{"href":"https:\/\/www.italiadelight.it\/blog\/de\/wp-json\/wp\/v2\/pages"}],"about":[{"href":"https:\/\/www.italiadelight.it\/blog\/de\/wp-json\/wp\/v2\/types\/page"}],"author":[{"embeddable":true,"href":"https:\/\/www.italiadelight.it\/blog\/de\/wp-json\/wp\/v2\/users\/1"}],"replies":[{"embeddable":true,"href":"https:\/\/www.italiadelight.it\/blog\/de\/wp-json\/wp\/v2\/comments?post=7935"}],"version-history":[{"count":0,"href":"https:\/\/www.italiadelight.it\/blog\/de\/wp-json\/wp\/v2\/pages\/7935\/revisions"}],"wp:attachment":[{"href":"https:\/\/www.italiadelight.it\/blog\/de\/wp-json\/wp\/v2\/media?parent=7935"}],"curies":[{"name":"wp","href":"https:\/\/api.w.org\/{rel}","templated":true}]}}