{"id":107998,"date":"2024-04-17T07:14:59","date_gmt":"2024-04-17T05:14:59","guid":{"rendered":"https:\/\/www.italiadelight.it\/disconoscimento\/"},"modified":"2024-04-17T07:14:59","modified_gmt":"2024-04-17T05:14:59","slug":"disconoscimento","status":"publish","type":"page","link":"https:\/\/www.italiadelight.it\/blog\/de\/disconoscimento\/","title":{"rendered":"Disconoscimento"},"content":{"rendered":"<!-- Legal document generated by Complianz | GDPR\/CCPA Cookie Consent https:\/\/wordpress.org\/plugins\/complianz-gdpr -->\n<div id=\"cmplz-document\" class=\"cmplz-document disclaimer cmplz-document-all\"><p>G Tech Group S.R.L.S. verpflichtet sich, diese Website auf dem neuesten Stand und korrekt zu halten. Sollten Sie dennoch auf etwas Unkorrektes oder Veraltetes sto\u00dfen, w\u00fcrden wir uns freuen, wenn Sie uns dies mitteilen k\u00f6nnten. Bitte geben Sie auf der Website an, wo Sie die Informationen gelesen haben. Wir werden uns dann so schnell wie m\u00f6glich darum k\u00fcmmern. Bitte senden Sie Ihre Antwort per E-Mail an: <span class=\"cmplz-obfuscate\">s&#117;p&#112;&#111;&#114;&#116;@<span class=\"cmplz-fmail-domain\">ex.&#099;om<\/span>&#103;tech&#103;rou&#112;.i&#116;<\/span>.<\/p><p>Wir haften nicht f\u00fcr Verluste aufgrund von Ungenauigkeiten oder Unvollst\u00e4ndigkeiten oder f\u00fcr Verluste aufgrund von Problemen, die durch die Verbreitung von Informationen \u00fcber das Internet verursacht werden oder damit verbunden sind, wie beispielsweise St\u00f6rungen oder Unterbrechungen. Bei der Verwendung von Internetformularen bem\u00fchen wir uns, die Anzahl der erforderlichen Felder auf ein Minimum zu beschr\u00e4nken. F\u00fcr Verluste, die durch die Nutzung von Daten, Ratschl\u00e4gen oder Ideen entstehen, die von oder im Auftrag von G Tech Group S.R.L.S. \u00fcber diese Website zur Verf\u00fcgung gestellt werden, \u00fcbernimmt G Tech Group S.R.L.S. keine Haftung.<\/p><p>Antworten und Datenschutzanfragen per E-Mail oder \u00fcber ein Internetformular werden wie Briefe behandelt. Dies bedeutet, dass Sie sp\u00e4testens innerhalb eines Monats mit einer Antwort von uns rechnen k\u00f6nnen. Bei komplexen Anfragen teilen wir Ihnen innerhalb eines Monats mit, ob wir maximal 3 Monate ben\u00f6tigen.<\/p><p>Alle personenbezogenen Daten, die Sie uns im Rahmen Ihrer Antwort oder Ihrer Informationsanfrage \u00fcbermitteln, werden nur in \u00dcbereinstimmung mit unserer Datenschutzerkl\u00e4rung verwendet.<\/p><p>G Tech Group S.R.L.S. wird alle zumutbaren Anstrengungen unternehmen, um seine Systeme vor jeglicher Form der unrechtm\u00e4\u00dfigen Nutzung zu sch\u00fctzen. G Tech Group S.R.L.S. wird zu diesem Zweck geeignete technische und organisatorische Ma\u00dfnahmen ergreifen, die unter anderem den Stand der Technik ber\u00fccksichtigen. Sie haftet jedoch nicht f\u00fcr direkten und \/ oder indirekten Verluste eines Nutzers der Website, die durch die rechtswidrige Nutzung ihrer Systeme durch Dritte entstehen.<\/p><p>G Tech Group S.R.L.S. \u00fcbernimmt keine Verantwortung f\u00fcr den Inhalt von Websites, auf die mittels Hyperlink oder sonstiger Verweise verwiesen wird. Von Dritten angebotene Produkte oder Dienstleistungen unterliegen den geltenden Gesch\u00e4ftsbedingungen dieser Dritten.<\/p><p>Alle geistigen Eigentumsrechte an Inhalten dieser Website liegen bei Dritten, die die Inhalte selbst platziert haben oder von denen G Tech Group S.R.L.S. eine Benutzerlizenz erhalten hat.<\/p><p>Das Kopieren, Verbreiten und jede andere Verwendung dieser Materialien ist ohne die schriftliche Genehmigung von G Tech Group S.R.L.S. nicht gestattet, es sei denn, in den zwingenden gesetzlichen Bestimmungen (wie dem Zitierrecht) ist etwas anderes vorgesehen, sofern der Inhalt nichts anderes bestimmt.<\/p><p>Wenn Sie Fragen oder Probleme mit der Erreichbarkeit der Website haben, z\u00f6gern Sie bitte nicht, uns zu kontaktieren.<\/p><\/div>","protected":false},"excerpt":{"rendered":"","protected":false},"author":1,"featured_media":0,"parent":0,"menu_order":0,"comment_status":"closed","ping_status":"closed","template":"","meta":{"_acf_changed":false,"_seopress_robots_primary_cat":"","_seopress_titles_title":"","_seopress_titles_desc":"","_seopress_robots_index":"","_daim_seo_power":"","_daim_enable_ail":"","footnotes":""},"class_list":["post-107998","page","type-page","status-publish"],"acf":[],"_links":{"self":[{"href":"https:\/\/www.italiadelight.it\/blog\/de\/wp-json\/wp\/v2\/pages\/107998","targetHints":{"allow":["GET"]}}],"collection":[{"href":"https:\/\/www.italiadelight.it\/blog\/de\/wp-json\/wp\/v2\/pages"}],"about":[{"href":"https:\/\/www.italiadelight.it\/blog\/de\/wp-json\/wp\/v2\/types\/page"}],"author":[{"embeddable":true,"href":"https:\/\/www.italiadelight.it\/blog\/de\/wp-json\/wp\/v2\/users\/1"}],"replies":[{"embeddable":true,"href":"https:\/\/www.italiadelight.it\/blog\/de\/wp-json\/wp\/v2\/comments?post=107998"}],"version-history":[{"count":0,"href":"https:\/\/www.italiadelight.it\/blog\/de\/wp-json\/wp\/v2\/pages\/107998\/revisions"}],"wp:attachment":[{"href":"https:\/\/www.italiadelight.it\/blog\/de\/wp-json\/wp\/v2\/media?parent=107998"}],"curies":[{"name":"wp","href":"https:\/\/api.w.org\/{rel}","templated":true}]}}